{"id":7213,"date":"2018-03-02T10:47:29","date_gmt":"2018-03-02T10:47:29","guid":{"rendered":"http:\/\/laplumedeloiseaulyre.com\/?page_id=7213"},"modified":"2021-05-01T15:01:53","modified_gmt":"2021-05-01T15:01:53","slug":"orme-ulmus-minor","status":"publish","type":"page","link":"http:\/\/laplumedeloiseaulyre.com\/?page_id=7213","title":{"rendered":"ORME Ulmus minor"},"content":{"rendered":"<p>Je ferme mes yeux sans g\u00e9ographie<br \/>\nMon c\u0153ur d\u00e9pays\u00e9 ne sait plus rire,<br \/>\nVois mon ami, j\u2019ai compris aujourd\u2019hui<br \/>\nQue mort d\u2019Orme nous fait aussi mourir.<\/p>\n","protected":false},"excerpt":{"rendered":"<p>Je ferme mes yeux sans g\u00e9ographie Mon c\u0153ur d\u00e9pays\u00e9 ne sait plus rire, Vois mon ami, j\u2019ai compris aujourd\u2019hui Que mort d\u2019Orme nous fait aussi mourir.<\/p>\n<p class=\"more-link-p\"><a class=\"more-link\" href=\"http:\/\/laplumedeloiseaulyre.com\/?page_id=7213\">Read more &rarr;<\/a><\/p>\n","protected":false},"author":1,"featured_media":0,"parent":0,"menu_order":0,"comment_status":"closed","ping_status":"closed","template":"","meta":{"spay_email":""},"jetpack_shortlink":"https:\/\/wp.me\/P4lzfC-1Sl","_links":{"self":[{"href":"http:\/\/laplumedeloiseaulyre.com\/index.php?rest_route=\/wp\/v2\/pages\/7213"}],"collection":[{"href":"http:\/\/laplumedeloiseaulyre.com\/index.php?rest_route=\/wp\/v2\/pages"}],"about":[{"href":"http:\/\/laplumedeloiseaulyre.com\/index.php?rest_route=\/wp\/v2\/types\/page"}],"author":[{"embeddable":true,"href":"http:\/\/laplumedeloiseaulyre.com\/index.php?rest_route=\/wp\/v2\/users\/1"}],"replies":[{"embeddable":true,"href":"http:\/\/laplumedeloiseaulyre.com\/index.php?rest_route=%2Fwp%2Fv2%2Fcomments&post=7213"}],"version-history":[{"count":2,"href":"http:\/\/laplumedeloiseaulyre.com\/index.php?rest_route=\/wp\/v2\/pages\/7213\/revisions"}],"predecessor-version":[{"id":12112,"href":"http:\/\/laplumedeloiseaulyre.com\/index.php?rest_route=\/wp\/v2\/pages\/7213\/revisions\/12112"}],"wp:attachment":[{"href":"http:\/\/laplumedeloiseaulyre.com\/index.php?rest_route=%2Fwp%2Fv2%2Fmedia&parent=7213"}],"curies":[{"name":"wp","href":"https:\/\/api.w.org\/{rel}","templated":true}]}}