{"id":7207,"date":"2018-03-02T10:44:12","date_gmt":"2018-03-02T10:44:12","guid":{"rendered":"http:\/\/laplumedeloiseaulyre.com\/?page_id=7207"},"modified":"2021-05-01T14:56:04","modified_gmt":"2021-05-01T14:56:04","slug":"orchidee-phalaenopsis-amabilis","status":"publish","type":"page","link":"http:\/\/laplumedeloiseaulyre.com\/?page_id=7207","title":{"rendered":"ORCHID\u00c9E  Phalaenopsis amabilis"},"content":{"rendered":"<p>Orchid\u00e9e se griffe de pr\u00e9tention,<br \/>\nS\u00e9v\u00e8re sainte en son iconostase,<br \/>\nFleur compliqu\u00e9e de formes et de phrases,<br \/>\nEnnui des h\u00f4tels sans d\u00e9coration.<\/p>\n","protected":false},"excerpt":{"rendered":"<p>Orchid\u00e9e se griffe de pr\u00e9tention, S\u00e9v\u00e8re sainte en son iconostase, Fleur compliqu\u00e9e de formes et de phrases, Ennui des h\u00f4tels sans d\u00e9coration.<\/p>\n<p class=\"more-link-p\"><a class=\"more-link\" href=\"http:\/\/laplumedeloiseaulyre.com\/?page_id=7207\">Read more &rarr;<\/a><\/p>\n","protected":false},"author":1,"featured_media":0,"parent":0,"menu_order":0,"comment_status":"closed","ping_status":"closed","template":"","meta":{"spay_email":""},"jetpack_shortlink":"https:\/\/wp.me\/P4lzfC-1Sf","_links":{"self":[{"href":"http:\/\/laplumedeloiseaulyre.com\/index.php?rest_route=\/wp\/v2\/pages\/7207"}],"collection":[{"href":"http:\/\/laplumedeloiseaulyre.com\/index.php?rest_route=\/wp\/v2\/pages"}],"about":[{"href":"http:\/\/laplumedeloiseaulyre.com\/index.php?rest_route=\/wp\/v2\/types\/page"}],"author":[{"embeddable":true,"href":"http:\/\/laplumedeloiseaulyre.com\/index.php?rest_route=\/wp\/v2\/users\/1"}],"replies":[{"embeddable":true,"href":"http:\/\/laplumedeloiseaulyre.com\/index.php?rest_route=%2Fwp%2Fv2%2Fcomments&post=7207"}],"version-history":[{"count":2,"href":"http:\/\/laplumedeloiseaulyre.com\/index.php?rest_route=\/wp\/v2\/pages\/7207\/revisions"}],"predecessor-version":[{"id":12111,"href":"http:\/\/laplumedeloiseaulyre.com\/index.php?rest_route=\/wp\/v2\/pages\/7207\/revisions\/12111"}],"wp:attachment":[{"href":"http:\/\/laplumedeloiseaulyre.com\/index.php?rest_route=%2Fwp%2Fv2%2Fmedia&parent=7207"}],"curies":[{"name":"wp","href":"https:\/\/api.w.org\/{rel}","templated":true}]}}