{"id":7185,"date":"2018-03-01T23:06:35","date_gmt":"2018-03-01T23:06:35","guid":{"rendered":"http:\/\/laplumedeloiseaulyre.com\/?page_id=7185"},"modified":"2021-05-01T14:33:02","modified_gmt":"2021-05-01T14:33:02","slug":"oeillets-de-poete-dianthus-barbatus","status":"publish","type":"page","link":"http:\/\/laplumedeloiseaulyre.com\/?page_id=7185","title":{"rendered":"\u0152ILLET-DE-PO\u00c8TE Dianthus barbatus"},"content":{"rendered":"<p>Vraiment, quel artificieux exercice<br \/>\nQue de commettre s\u00e9rie de quatrains,<br \/>\nMieux vaudrait composer \u00e0 quatre mains<br \/>\nCarr\u00e9 d\u2019\u0152illets-de-po\u00e8te sans vices.<\/p>\n","protected":false},"excerpt":{"rendered":"<p>Vraiment, quel artificieux exercice Que de commettre s\u00e9rie de quatrains, Mieux vaudrait composer \u00e0 quatre mains Carr\u00e9 d\u2019\u0152illets-de-po\u00e8te sans vices.<\/p>\n<p class=\"more-link-p\"><a class=\"more-link\" href=\"http:\/\/laplumedeloiseaulyre.com\/?page_id=7185\">Read more &rarr;<\/a><\/p>\n","protected":false},"author":1,"featured_media":0,"parent":0,"menu_order":0,"comment_status":"closed","ping_status":"closed","template":"","meta":{"spay_email":""},"jetpack_shortlink":"https:\/\/wp.me\/P4lzfC-1RT","_links":{"self":[{"href":"http:\/\/laplumedeloiseaulyre.com\/index.php?rest_route=\/wp\/v2\/pages\/7185"}],"collection":[{"href":"http:\/\/laplumedeloiseaulyre.com\/index.php?rest_route=\/wp\/v2\/pages"}],"about":[{"href":"http:\/\/laplumedeloiseaulyre.com\/index.php?rest_route=\/wp\/v2\/types\/page"}],"author":[{"embeddable":true,"href":"http:\/\/laplumedeloiseaulyre.com\/index.php?rest_route=\/wp\/v2\/users\/1"}],"replies":[{"embeddable":true,"href":"http:\/\/laplumedeloiseaulyre.com\/index.php?rest_route=%2Fwp%2Fv2%2Fcomments&post=7185"}],"version-history":[{"count":2,"href":"http:\/\/laplumedeloiseaulyre.com\/index.php?rest_route=\/wp\/v2\/pages\/7185\/revisions"}],"predecessor-version":[{"id":12104,"href":"http:\/\/laplumedeloiseaulyre.com\/index.php?rest_route=\/wp\/v2\/pages\/7185\/revisions\/12104"}],"wp:attachment":[{"href":"http:\/\/laplumedeloiseaulyre.com\/index.php?rest_route=%2Fwp%2Fv2%2Fmedia&parent=7185"}],"curies":[{"name":"wp","href":"https:\/\/api.w.org\/{rel}","templated":true}]}}