{"id":7183,"date":"2018-03-01T23:05:45","date_gmt":"2018-03-01T23:05:45","guid":{"rendered":"http:\/\/laplumedeloiseaulyre.com\/?page_id=7183"},"modified":"2021-05-01T14:29:06","modified_gmt":"2021-05-01T14:29:06","slug":"oeillet-dinde-tagetes-patula","status":"publish","type":"page","link":"http:\/\/laplumedeloiseaulyre.com\/?page_id=7183","title":{"rendered":"\u0152ILLET D&rsquo;INDE Tagetes patula"},"content":{"rendered":"<p>C\u00e9l\u00e9brons l\u2019\u0152illet d\u2019Inde muscadin,<br \/>\nGalant musqu\u00e9 de nos sarabandes,<br \/>\nTu avais mon c\u0153ur, moi j\u2019avais le tien<br \/>\nQuand il courtisait les plates-bandes.<\/p>\n","protected":false},"excerpt":{"rendered":"<p>C\u00e9l\u00e9brons l\u2019\u0152illet d\u2019Inde muscadin, Galant musqu\u00e9 de nos sarabandes, Tu avais mon c\u0153ur, moi j\u2019avais le tien Quand il courtisait les plates-bandes.<\/p>\n<p class=\"more-link-p\"><a class=\"more-link\" href=\"http:\/\/laplumedeloiseaulyre.com\/?page_id=7183\">Read more &rarr;<\/a><\/p>\n","protected":false},"author":1,"featured_media":0,"parent":0,"menu_order":0,"comment_status":"closed","ping_status":"closed","template":"","meta":{"spay_email":""},"jetpack_shortlink":"https:\/\/wp.me\/P4lzfC-1RR","_links":{"self":[{"href":"http:\/\/laplumedeloiseaulyre.com\/index.php?rest_route=\/wp\/v2\/pages\/7183"}],"collection":[{"href":"http:\/\/laplumedeloiseaulyre.com\/index.php?rest_route=\/wp\/v2\/pages"}],"about":[{"href":"http:\/\/laplumedeloiseaulyre.com\/index.php?rest_route=\/wp\/v2\/types\/page"}],"author":[{"embeddable":true,"href":"http:\/\/laplumedeloiseaulyre.com\/index.php?rest_route=\/wp\/v2\/users\/1"}],"replies":[{"embeddable":true,"href":"http:\/\/laplumedeloiseaulyre.com\/index.php?rest_route=%2Fwp%2Fv2%2Fcomments&post=7183"}],"version-history":[{"count":2,"href":"http:\/\/laplumedeloiseaulyre.com\/index.php?rest_route=\/wp\/v2\/pages\/7183\/revisions"}],"predecessor-version":[{"id":12103,"href":"http:\/\/laplumedeloiseaulyre.com\/index.php?rest_route=\/wp\/v2\/pages\/7183\/revisions\/12103"}],"wp:attachment":[{"href":"http:\/\/laplumedeloiseaulyre.com\/index.php?rest_route=%2Fwp%2Fv2%2Fmedia&parent=7183"}],"curies":[{"name":"wp","href":"https:\/\/api.w.org\/{rel}","templated":true}]}}