{"id":7181,"date":"2018-03-01T23:04:54","date_gmt":"2018-03-01T23:04:54","guid":{"rendered":"http:\/\/laplumedeloiseaulyre.com\/?page_id=7181"},"modified":"2018-03-01T23:04:54","modified_gmt":"2018-03-01T23:04:54","slug":"oeillet-dianthus-caryophyllus","status":"publish","type":"page","link":"http:\/\/laplumedeloiseaulyre.com\/?page_id=7181","title":{"rendered":"\u0152ILLET Dianthus caryophyllus"},"content":{"rendered":"<p>\u0152illet mignard tu ris de mes tourments,<br \/>\nBien pommad\u00e9, poudr\u00e9 de tournoiements<br \/>\nCar rien d&rsquo;autre que toi ne t&rsquo;importune<br \/>\nNul brin de com\u00e8te, nul clin de lune.<\/p>\n","protected":false},"excerpt":{"rendered":"<p>\u0152illet mignard tu ris de mes tourments, Bien pommad\u00e9, poudr\u00e9 de tournoiements Car rien d&rsquo;autre que toi ne t&rsquo;importune Nul brin de com\u00e8te, nul clin de lune.<\/p>\n<p class=\"more-link-p\"><a class=\"more-link\" href=\"http:\/\/laplumedeloiseaulyre.com\/?page_id=7181\">Read more &rarr;<\/a><\/p>\n","protected":false},"author":1,"featured_media":0,"parent":0,"menu_order":0,"comment_status":"closed","ping_status":"closed","template":"","meta":{"spay_email":""},"jetpack_shortlink":"https:\/\/wp.me\/P4lzfC-1RP","_links":{"self":[{"href":"http:\/\/laplumedeloiseaulyre.com\/index.php?rest_route=\/wp\/v2\/pages\/7181"}],"collection":[{"href":"http:\/\/laplumedeloiseaulyre.com\/index.php?rest_route=\/wp\/v2\/pages"}],"about":[{"href":"http:\/\/laplumedeloiseaulyre.com\/index.php?rest_route=\/wp\/v2\/types\/page"}],"author":[{"embeddable":true,"href":"http:\/\/laplumedeloiseaulyre.com\/index.php?rest_route=\/wp\/v2\/users\/1"}],"replies":[{"embeddable":true,"href":"http:\/\/laplumedeloiseaulyre.com\/index.php?rest_route=%2Fwp%2Fv2%2Fcomments&post=7181"}],"version-history":[{"count":1,"href":"http:\/\/laplumedeloiseaulyre.com\/index.php?rest_route=\/wp\/v2\/pages\/7181\/revisions"}],"predecessor-version":[{"id":7182,"href":"http:\/\/laplumedeloiseaulyre.com\/index.php?rest_route=\/wp\/v2\/pages\/7181\/revisions\/7182"}],"wp:attachment":[{"href":"http:\/\/laplumedeloiseaulyre.com\/index.php?rest_route=%2Fwp%2Fv2%2Fmedia&parent=7181"}],"curies":[{"name":"wp","href":"https:\/\/api.w.org\/{rel}","templated":true}]}}