{"id":7179,"date":"2018-03-01T23:03:48","date_gmt":"2018-03-01T23:03:48","guid":{"rendered":"http:\/\/laplumedeloiseaulyre.com\/?page_id=7179"},"modified":"2021-03-26T14:53:17","modified_gmt":"2021-03-26T14:53:17","slug":"noix-de-cajou-anacardium-occidentale","status":"publish","type":"page","link":"http:\/\/laplumedeloiseaulyre.com\/?page_id=7179","title":{"rendered":"NOIX DE CAJOU Anacardium occidentale"},"content":{"rendered":"<p>Noix de cajou, lunes de magn\u00e9sium<br \/>\nAnacardes grill\u00e9s dans le sable,<br \/>\nR\u00e9serves croquantes de potassium,<br \/>\nD\u00e9lice de l\u2019\u00e9cureuil \u00e0 table !<\/p>\n","protected":false},"excerpt":{"rendered":"<p>Noix de cajou, lunes de magn\u00e9sium Anacardes grill\u00e9s dans le sable, R\u00e9serves croquantes de potassium, D\u00e9lice de l\u2019\u00e9cureuil \u00e0 table !<\/p>\n<p class=\"more-link-p\"><a class=\"more-link\" href=\"http:\/\/laplumedeloiseaulyre.com\/?page_id=7179\">Read more &rarr;<\/a><\/p>\n","protected":false},"author":1,"featured_media":0,"parent":0,"menu_order":0,"comment_status":"closed","ping_status":"closed","template":"","meta":{"spay_email":""},"jetpack_shortlink":"https:\/\/wp.me\/P4lzfC-1RN","_links":{"self":[{"href":"http:\/\/laplumedeloiseaulyre.com\/index.php?rest_route=\/wp\/v2\/pages\/7179"}],"collection":[{"href":"http:\/\/laplumedeloiseaulyre.com\/index.php?rest_route=\/wp\/v2\/pages"}],"about":[{"href":"http:\/\/laplumedeloiseaulyre.com\/index.php?rest_route=\/wp\/v2\/types\/page"}],"author":[{"embeddable":true,"href":"http:\/\/laplumedeloiseaulyre.com\/index.php?rest_route=\/wp\/v2\/users\/1"}],"replies":[{"embeddable":true,"href":"http:\/\/laplumedeloiseaulyre.com\/index.php?rest_route=%2Fwp%2Fv2%2Fcomments&post=7179"}],"version-history":[{"count":2,"href":"http:\/\/laplumedeloiseaulyre.com\/index.php?rest_route=\/wp\/v2\/pages\/7179\/revisions"}],"predecessor-version":[{"id":11949,"href":"http:\/\/laplumedeloiseaulyre.com\/index.php?rest_route=\/wp\/v2\/pages\/7179\/revisions\/11949"}],"wp:attachment":[{"href":"http:\/\/laplumedeloiseaulyre.com\/index.php?rest_route=%2Fwp%2Fv2%2Fmedia&parent=7179"}],"curies":[{"name":"wp","href":"https:\/\/api.w.org\/{rel}","templated":true}]}}