{"id":7171,"date":"2018-03-01T23:00:44","date_gmt":"2018-03-01T23:00:44","guid":{"rendered":"http:\/\/laplumedeloiseaulyre.com\/?page_id=7171"},"modified":"2018-03-01T23:00:44","modified_gmt":"2018-03-01T23:00:44","slug":"nielle-agrostemma-githago","status":"publish","type":"page","link":"http:\/\/laplumedeloiseaulyre.com\/?page_id=7171","title":{"rendered":"NIELLE Agrostemma githago"},"content":{"rendered":"<p>Quelque chose en nous devra bien mourir :<br \/>\nLa Nielle envahissante et perfide,<br \/>\nQuelque chose en nous devra bien m\u00fbrir :<br \/>\nLes \u00e9pis portant bl\u00e9 intr\u00e9pide.<\/p>\n","protected":false},"excerpt":{"rendered":"<p>Quelque chose en nous devra bien mourir : La Nielle envahissante et perfide, Quelque chose en nous devra bien m\u00fbrir : Les \u00e9pis portant bl\u00e9 intr\u00e9pide.<\/p>\n<p class=\"more-link-p\"><a class=\"more-link\" href=\"http:\/\/laplumedeloiseaulyre.com\/?page_id=7171\">Read more &rarr;<\/a><\/p>\n","protected":false},"author":1,"featured_media":0,"parent":0,"menu_order":0,"comment_status":"closed","ping_status":"closed","template":"","meta":{"spay_email":""},"jetpack_shortlink":"https:\/\/wp.me\/P4lzfC-1RF","_links":{"self":[{"href":"http:\/\/laplumedeloiseaulyre.com\/index.php?rest_route=\/wp\/v2\/pages\/7171"}],"collection":[{"href":"http:\/\/laplumedeloiseaulyre.com\/index.php?rest_route=\/wp\/v2\/pages"}],"about":[{"href":"http:\/\/laplumedeloiseaulyre.com\/index.php?rest_route=\/wp\/v2\/types\/page"}],"author":[{"embeddable":true,"href":"http:\/\/laplumedeloiseaulyre.com\/index.php?rest_route=\/wp\/v2\/users\/1"}],"replies":[{"embeddable":true,"href":"http:\/\/laplumedeloiseaulyre.com\/index.php?rest_route=%2Fwp%2Fv2%2Fcomments&post=7171"}],"version-history":[{"count":1,"href":"http:\/\/laplumedeloiseaulyre.com\/index.php?rest_route=\/wp\/v2\/pages\/7171\/revisions"}],"predecessor-version":[{"id":7172,"href":"http:\/\/laplumedeloiseaulyre.com\/index.php?rest_route=\/wp\/v2\/pages\/7171\/revisions\/7172"}],"wp:attachment":[{"href":"http:\/\/laplumedeloiseaulyre.com\/index.php?rest_route=%2Fwp%2Fv2%2Fmedia&parent=7171"}],"curies":[{"name":"wp","href":"https:\/\/api.w.org\/{rel}","templated":true}]}}