{"id":7169,"date":"2018-03-01T22:59:52","date_gmt":"2018-03-01T22:59:52","guid":{"rendered":"http:\/\/laplumedeloiseaulyre.com\/?page_id=7169"},"modified":"2018-03-01T22:59:52","modified_gmt":"2018-03-01T22:59:52","slug":"nerprun-rhamnus-cathartica","status":"publish","type":"page","link":"http:\/\/laplumedeloiseaulyre.com\/?page_id=7169","title":{"rendered":"NERPRUN Rhamnus cathartica"},"content":{"rendered":"<p>Non, je n\u2019ai plus rien que mon innocence,<br \/>\nSeul glaive et rem\u00e8de pour me d\u00e9fendre,<br \/>\nTombez \u00f4 neiges, lavez ma souffrance<br \/>\nCar M\u00e8re Nerprun ne veut pas m\u2019entendre.  <\/p>\n","protected":false},"excerpt":{"rendered":"<p>Non, je n\u2019ai plus rien que mon innocence, Seul glaive et rem\u00e8de pour me d\u00e9fendre, Tombez \u00f4 neiges, lavez ma souffrance Car M\u00e8re Nerprun ne veut pas m\u2019entendre.<\/p>\n<p class=\"more-link-p\"><a class=\"more-link\" href=\"http:\/\/laplumedeloiseaulyre.com\/?page_id=7169\">Read more &rarr;<\/a><\/p>\n","protected":false},"author":1,"featured_media":0,"parent":0,"menu_order":0,"comment_status":"closed","ping_status":"closed","template":"","meta":{"spay_email":""},"jetpack_shortlink":"https:\/\/wp.me\/P4lzfC-1RD","_links":{"self":[{"href":"http:\/\/laplumedeloiseaulyre.com\/index.php?rest_route=\/wp\/v2\/pages\/7169"}],"collection":[{"href":"http:\/\/laplumedeloiseaulyre.com\/index.php?rest_route=\/wp\/v2\/pages"}],"about":[{"href":"http:\/\/laplumedeloiseaulyre.com\/index.php?rest_route=\/wp\/v2\/types\/page"}],"author":[{"embeddable":true,"href":"http:\/\/laplumedeloiseaulyre.com\/index.php?rest_route=\/wp\/v2\/users\/1"}],"replies":[{"embeddable":true,"href":"http:\/\/laplumedeloiseaulyre.com\/index.php?rest_route=%2Fwp%2Fv2%2Fcomments&post=7169"}],"version-history":[{"count":1,"href":"http:\/\/laplumedeloiseaulyre.com\/index.php?rest_route=\/wp\/v2\/pages\/7169\/revisions"}],"predecessor-version":[{"id":7170,"href":"http:\/\/laplumedeloiseaulyre.com\/index.php?rest_route=\/wp\/v2\/pages\/7169\/revisions\/7170"}],"wp:attachment":[{"href":"http:\/\/laplumedeloiseaulyre.com\/index.php?rest_route=%2Fwp%2Fv2%2Fmedia&parent=7169"}],"curies":[{"name":"wp","href":"https:\/\/api.w.org\/{rel}","templated":true}]}}