{"id":7160,"date":"2018-03-01T22:55:51","date_gmt":"2018-03-01T22:55:51","guid":{"rendered":"http:\/\/laplumedeloiseaulyre.com\/?page_id=7160"},"modified":"2018-03-01T22:55:51","modified_gmt":"2018-03-01T22:55:51","slug":"neottie-neottia-nidus-avis","status":"publish","type":"page","link":"http:\/\/laplumedeloiseaulyre.com\/?page_id=7160","title":{"rendered":"N\u00c9OTTIE Neottia nidus-avis"},"content":{"rendered":"<p>Blanc fant\u00f4me incapable de photosynth\u00e8se<br \/>\nN\u00e9ottie ne sort jamais de sa serre opaque<br \/>\nElle \u00e9labore son nid entre parenth\u00e8ses,<br \/>\nEn fleur saprophyte qu\u2019aucun UV n\u2019attaque. <\/p>\n","protected":false},"excerpt":{"rendered":"<p>Blanc fant\u00f4me incapable de photosynth\u00e8se N\u00e9ottie ne sort jamais de sa serre opaque Elle \u00e9labore son nid entre parenth\u00e8ses, En fleur saprophyte qu\u2019aucun UV n\u2019attaque.<\/p>\n<p class=\"more-link-p\"><a class=\"more-link\" href=\"http:\/\/laplumedeloiseaulyre.com\/?page_id=7160\">Read more &rarr;<\/a><\/p>\n","protected":false},"author":1,"featured_media":0,"parent":0,"menu_order":0,"comment_status":"closed","ping_status":"closed","template":"","meta":{"spay_email":""},"jetpack_shortlink":"https:\/\/wp.me\/P4lzfC-1Ru","_links":{"self":[{"href":"http:\/\/laplumedeloiseaulyre.com\/index.php?rest_route=\/wp\/v2\/pages\/7160"}],"collection":[{"href":"http:\/\/laplumedeloiseaulyre.com\/index.php?rest_route=\/wp\/v2\/pages"}],"about":[{"href":"http:\/\/laplumedeloiseaulyre.com\/index.php?rest_route=\/wp\/v2\/types\/page"}],"author":[{"embeddable":true,"href":"http:\/\/laplumedeloiseaulyre.com\/index.php?rest_route=\/wp\/v2\/users\/1"}],"replies":[{"embeddable":true,"href":"http:\/\/laplumedeloiseaulyre.com\/index.php?rest_route=%2Fwp%2Fv2%2Fcomments&post=7160"}],"version-history":[{"count":1,"href":"http:\/\/laplumedeloiseaulyre.com\/index.php?rest_route=\/wp\/v2\/pages\/7160\/revisions"}],"predecessor-version":[{"id":7161,"href":"http:\/\/laplumedeloiseaulyre.com\/index.php?rest_route=\/wp\/v2\/pages\/7160\/revisions\/7161"}],"wp:attachment":[{"href":"http:\/\/laplumedeloiseaulyre.com\/index.php?rest_route=%2Fwp%2Fv2%2Fmedia&parent=7160"}],"curies":[{"name":"wp","href":"https:\/\/api.w.org\/{rel}","templated":true}]}}