{"id":7158,"date":"2018-03-01T22:55:12","date_gmt":"2018-03-01T22:55:12","guid":{"rendered":"http:\/\/laplumedeloiseaulyre.com\/?page_id=7158"},"modified":"2021-05-01T14:16:32","modified_gmt":"2021-05-01T14:16:32","slug":"nenuphar-nymphaea-caerulea","status":"publish","type":"page","link":"http:\/\/laplumedeloiseaulyre.com\/?page_id=7158","title":{"rendered":"N\u00c9NUPHAR Nymphaea caerulea"},"content":{"rendered":"<p>Grand-duc des falbalas et des grenouilles,<br \/>\nVraiment N\u00e9nuphar quand vas-tu fleurir ?<br \/>\nL&rsquo;\u00e9tang est suspendu \u00e0 ton sourire<br \/>\nSous l&rsquo;\u0153il jaloux des saum\u00e2tres gargouilles.<\/p>\n<p><span style=\"color: #339966;\"><strong>(English) WATER LILY\u00a0<em>Nymphaea caerulea<\/em><\/strong><\/span><\/p>\n<p><span style=\"color: #339966;\">Grand duke of frogs and frills.<\/span><br \/>\n<span style=\"color: #339966;\"> Really\u00a0! Water Lily\u00a0! When will you flower\u00a0?<\/span><br \/>\n<span style=\"color: #339966;\"> The life of the pond is hanging on your smile<\/span><br \/>\n<span style=\"color: #339966;\"> Under the jealous eye of the brackish gargoyles.<\/span><\/p>\n<p><span style=\"color: #339966;\">\u00a9traduction David Lowe<\/span><\/p>\n","protected":false},"excerpt":{"rendered":"<p>Grand-duc des falbalas et des grenouilles, Vraiment N\u00e9nuphar quand vas-tu fleurir ? L&rsquo;\u00e9tang est suspendu \u00e0 ton sourire Sous l&rsquo;\u0153il jaloux des saum\u00e2tres gargouilles. (English) WATER LILY\u00a0Nymphaea caerulea Grand duke of frogs and frills. Really\u00a0! Water Lily\u00a0! When will you&hellip;<\/p>\n<p class=\"more-link-p\"><a class=\"more-link\" href=\"http:\/\/laplumedeloiseaulyre.com\/?page_id=7158\">Read more &rarr;<\/a><\/p>\n","protected":false},"author":1,"featured_media":0,"parent":0,"menu_order":0,"comment_status":"closed","ping_status":"closed","template":"","meta":{"spay_email":""},"jetpack_shortlink":"https:\/\/wp.me\/P4lzfC-1Rs","_links":{"self":[{"href":"http:\/\/laplumedeloiseaulyre.com\/index.php?rest_route=\/wp\/v2\/pages\/7158"}],"collection":[{"href":"http:\/\/laplumedeloiseaulyre.com\/index.php?rest_route=\/wp\/v2\/pages"}],"about":[{"href":"http:\/\/laplumedeloiseaulyre.com\/index.php?rest_route=\/wp\/v2\/types\/page"}],"author":[{"embeddable":true,"href":"http:\/\/laplumedeloiseaulyre.com\/index.php?rest_route=\/wp\/v2\/users\/1"}],"replies":[{"embeddable":true,"href":"http:\/\/laplumedeloiseaulyre.com\/index.php?rest_route=%2Fwp%2Fv2%2Fcomments&post=7158"}],"version-history":[{"count":5,"href":"http:\/\/laplumedeloiseaulyre.com\/index.php?rest_route=\/wp\/v2\/pages\/7158\/revisions"}],"predecessor-version":[{"id":12102,"href":"http:\/\/laplumedeloiseaulyre.com\/index.php?rest_route=\/wp\/v2\/pages\/7158\/revisions\/12102"}],"wp:attachment":[{"href":"http:\/\/laplumedeloiseaulyre.com\/index.php?rest_route=%2Fwp%2Fv2%2Fmedia&parent=7158"}],"curies":[{"name":"wp","href":"https:\/\/api.w.org\/{rel}","templated":true}]}}