{"id":7153,"date":"2018-03-01T22:52:50","date_gmt":"2018-03-01T22:52:50","guid":{"rendered":"http:\/\/laplumedeloiseaulyre.com\/?page_id=7153"},"modified":"2021-05-01T14:14:26","modified_gmt":"2021-05-01T14:14:26","slug":"navet-brassica-rapa","status":"publish","type":"page","link":"http:\/\/laplumedeloiseaulyre.com\/?page_id=7153","title":{"rendered":"NAVET  Brassica rapa"},"content":{"rendered":"<p>Si p\u00e2le l\u00e9gume convalescent<br \/>\nLe gar\u00e7on Navet sort du pensionnat,<br \/>\nNeutre de sa fadeur d\u2019adolescent,<br \/>\nCancre du pot-au-feu d\u2019un auvergnat.<\/p>\n","protected":false},"excerpt":{"rendered":"<p>Si p\u00e2le l\u00e9gume convalescent Le gar\u00e7on Navet sort du pensionnat, Neutre de sa fadeur d\u2019adolescent, Cancre du pot-au-feu d\u2019un auvergnat.<\/p>\n<p class=\"more-link-p\"><a class=\"more-link\" href=\"http:\/\/laplumedeloiseaulyre.com\/?page_id=7153\">Read more &rarr;<\/a><\/p>\n","protected":false},"author":1,"featured_media":0,"parent":0,"menu_order":0,"comment_status":"closed","ping_status":"closed","template":"","meta":{"spay_email":""},"jetpack_shortlink":"https:\/\/wp.me\/P4lzfC-1Rn","_links":{"self":[{"href":"http:\/\/laplumedeloiseaulyre.com\/index.php?rest_route=\/wp\/v2\/pages\/7153"}],"collection":[{"href":"http:\/\/laplumedeloiseaulyre.com\/index.php?rest_route=\/wp\/v2\/pages"}],"about":[{"href":"http:\/\/laplumedeloiseaulyre.com\/index.php?rest_route=\/wp\/v2\/types\/page"}],"author":[{"embeddable":true,"href":"http:\/\/laplumedeloiseaulyre.com\/index.php?rest_route=\/wp\/v2\/users\/1"}],"replies":[{"embeddable":true,"href":"http:\/\/laplumedeloiseaulyre.com\/index.php?rest_route=%2Fwp%2Fv2%2Fcomments&post=7153"}],"version-history":[{"count":2,"href":"http:\/\/laplumedeloiseaulyre.com\/index.php?rest_route=\/wp\/v2\/pages\/7153\/revisions"}],"predecessor-version":[{"id":12101,"href":"http:\/\/laplumedeloiseaulyre.com\/index.php?rest_route=\/wp\/v2\/pages\/7153\/revisions\/12101"}],"wp:attachment":[{"href":"http:\/\/laplumedeloiseaulyre.com\/index.php?rest_route=%2Fwp%2Fv2%2Fmedia&parent=7153"}],"curies":[{"name":"wp","href":"https:\/\/api.w.org\/{rel}","templated":true}]}}