{"id":7143,"date":"2018-03-01T22:48:45","date_gmt":"2018-03-01T22:48:45","guid":{"rendered":"http:\/\/laplumedeloiseaulyre.com\/?page_id=7143"},"modified":"2018-06-23T19:47:14","modified_gmt":"2018-06-23T19:47:14","slug":"myosotis-myosotis-arvensis","status":"publish","type":"page","link":"http:\/\/laplumedeloiseaulyre.com\/?page_id=7143","title":{"rendered":"MYOSOTIS Myosotis arvensis"},"content":{"rendered":"<p>Nos retrouvailles seront nos adieux<br \/>\nR\u00eaveur, \u00f4 \u00e9ternel r\u00eaveur d\u2019Isis,<br \/>\nPrenez ce brin bleu de Myosotis<br \/>\nEt ne m\u2019oubliez pas, cher silencieux.<\/p>\n<p><span style=\"color: #339966;\"><strong>(English) FORGET ME NOT\u00a0<em>Myosotis arvensis<\/em><\/strong><\/span><br \/>\n<span style=\"color: #339966;\"> Our homecomings are our final farewells.<\/span><br \/>\n<span style=\"color: #339966;\"> Eternal dreamer of goddess Isis,<\/span><br \/>\n<span style=\"color: #339966;\"> Take this sprig of blue Myosotis<\/span><br \/>\n<span style=\"color: #339966;\"> And forget me not, in your silence.<\/span><\/p>\n<p><span style=\"color: #339966;\">\u00a9traduction David Lowe<\/span><\/p>\n","protected":false},"excerpt":{"rendered":"<p>Nos retrouvailles seront nos adieux R\u00eaveur, \u00f4 \u00e9ternel r\u00eaveur d\u2019Isis, Prenez ce brin bleu de Myosotis Et ne m\u2019oubliez pas, cher silencieux. (English) FORGET ME NOT\u00a0Myosotis arvensis Our homecomings are our final farewells. Eternal dreamer of goddess Isis, Take this&hellip;<\/p>\n<p class=\"more-link-p\"><a class=\"more-link\" href=\"http:\/\/laplumedeloiseaulyre.com\/?page_id=7143\">Read more &rarr;<\/a><\/p>\n","protected":false},"author":1,"featured_media":0,"parent":0,"menu_order":0,"comment_status":"closed","ping_status":"closed","template":"","meta":{"spay_email":""},"jetpack_shortlink":"https:\/\/wp.me\/P4lzfC-1Rd","_links":{"self":[{"href":"http:\/\/laplumedeloiseaulyre.com\/index.php?rest_route=\/wp\/v2\/pages\/7143"}],"collection":[{"href":"http:\/\/laplumedeloiseaulyre.com\/index.php?rest_route=\/wp\/v2\/pages"}],"about":[{"href":"http:\/\/laplumedeloiseaulyre.com\/index.php?rest_route=\/wp\/v2\/types\/page"}],"author":[{"embeddable":true,"href":"http:\/\/laplumedeloiseaulyre.com\/index.php?rest_route=\/wp\/v2\/users\/1"}],"replies":[{"embeddable":true,"href":"http:\/\/laplumedeloiseaulyre.com\/index.php?rest_route=%2Fwp%2Fv2%2Fcomments&post=7143"}],"version-history":[{"count":5,"href":"http:\/\/laplumedeloiseaulyre.com\/index.php?rest_route=\/wp\/v2\/pages\/7143\/revisions"}],"predecessor-version":[{"id":8140,"href":"http:\/\/laplumedeloiseaulyre.com\/index.php?rest_route=\/wp\/v2\/pages\/7143\/revisions\/8140"}],"wp:attachment":[{"href":"http:\/\/laplumedeloiseaulyre.com\/index.php?rest_route=%2Fwp%2Fv2%2Fmedia&parent=7143"}],"curies":[{"name":"wp","href":"https:\/\/api.w.org\/{rel}","templated":true}]}}