{"id":7137,"date":"2018-03-01T22:46:11","date_gmt":"2018-03-01T22:46:11","guid":{"rendered":"http:\/\/laplumedeloiseaulyre.com\/?page_id=7137"},"modified":"2018-03-01T22:46:11","modified_gmt":"2018-03-01T22:46:11","slug":"murier-morus-nigra","status":"publish","type":"page","link":"http:\/\/laplumedeloiseaulyre.com\/?page_id=7137","title":{"rendered":"M\u00dbRIER Morus nigra"},"content":{"rendered":"<p>Pr\u00e8s de la magnanerie s&rsquo;\u00e9tendait<br \/>\nUn champ de M\u00fbriers aux feuilles de soie,<br \/>\nOn y d\u00e9vidait des cocons replets<br \/>\nPour en faire des ch\u00e2les d&rsquo;op\u00e9ra.<\/p>\n","protected":false},"excerpt":{"rendered":"<p>Pr\u00e8s de la magnanerie s&rsquo;\u00e9tendait Un champ de M\u00fbriers aux feuilles de soie, On y d\u00e9vidait des cocons replets Pour en faire des ch\u00e2les d&rsquo;op\u00e9ra.<\/p>\n<p class=\"more-link-p\"><a class=\"more-link\" href=\"http:\/\/laplumedeloiseaulyre.com\/?page_id=7137\">Read more &rarr;<\/a><\/p>\n","protected":false},"author":1,"featured_media":0,"parent":0,"menu_order":0,"comment_status":"closed","ping_status":"closed","template":"","meta":{"spay_email":""},"jetpack_shortlink":"https:\/\/wp.me\/P4lzfC-1R7","_links":{"self":[{"href":"http:\/\/laplumedeloiseaulyre.com\/index.php?rest_route=\/wp\/v2\/pages\/7137"}],"collection":[{"href":"http:\/\/laplumedeloiseaulyre.com\/index.php?rest_route=\/wp\/v2\/pages"}],"about":[{"href":"http:\/\/laplumedeloiseaulyre.com\/index.php?rest_route=\/wp\/v2\/types\/page"}],"author":[{"embeddable":true,"href":"http:\/\/laplumedeloiseaulyre.com\/index.php?rest_route=\/wp\/v2\/users\/1"}],"replies":[{"embeddable":true,"href":"http:\/\/laplumedeloiseaulyre.com\/index.php?rest_route=%2Fwp%2Fv2%2Fcomments&post=7137"}],"version-history":[{"count":1,"href":"http:\/\/laplumedeloiseaulyre.com\/index.php?rest_route=\/wp\/v2\/pages\/7137\/revisions"}],"predecessor-version":[{"id":7138,"href":"http:\/\/laplumedeloiseaulyre.com\/index.php?rest_route=\/wp\/v2\/pages\/7137\/revisions\/7138"}],"wp:attachment":[{"href":"http:\/\/laplumedeloiseaulyre.com\/index.php?rest_route=%2Fwp%2Fv2%2Fmedia&parent=7137"}],"curies":[{"name":"wp","href":"https:\/\/api.w.org\/{rel}","templated":true}]}}