{"id":7135,"date":"2018-03-01T22:45:13","date_gmt":"2018-03-01T22:45:13","guid":{"rendered":"http:\/\/laplumedeloiseaulyre.com\/?page_id=7135"},"modified":"2022-02-25T01:04:29","modified_gmt":"2022-02-25T01:04:29","slug":"mure-blanche-rubus-alba","status":"publish","type":"page","link":"http:\/\/laplumedeloiseaulyre.com\/?page_id=7135","title":{"rendered":"M\u00dbRE BLANCHE Rubus idaeus &lsquo;Sucr\u00e9e de Metz&rsquo;"},"content":{"rendered":"<p>Je vois vos mains nobles comme gerfauts<br \/>\nMe pr\u00e9senter la M\u00fbre partag\u00e9e<br \/>\nEt je tremble en effleurant votre peau<br \/>\nQui me trouble par son parfum sucr\u00e9.<\/p>\n","protected":false},"excerpt":{"rendered":"<p>Je vois vos mains nobles comme gerfauts Me pr\u00e9senter la M\u00fbre partag\u00e9e Et je tremble en effleurant votre peau Qui me trouble par son parfum sucr\u00e9.<\/p>\n<p class=\"more-link-p\"><a class=\"more-link\" href=\"http:\/\/laplumedeloiseaulyre.com\/?page_id=7135\">Read more &rarr;<\/a><\/p>\n","protected":false},"author":1,"featured_media":0,"parent":0,"menu_order":0,"comment_status":"closed","ping_status":"closed","template":"","meta":{"spay_email":""},"jetpack_shortlink":"https:\/\/wp.me\/P4lzfC-1R5","_links":{"self":[{"href":"http:\/\/laplumedeloiseaulyre.com\/index.php?rest_route=\/wp\/v2\/pages\/7135"}],"collection":[{"href":"http:\/\/laplumedeloiseaulyre.com\/index.php?rest_route=\/wp\/v2\/pages"}],"about":[{"href":"http:\/\/laplumedeloiseaulyre.com\/index.php?rest_route=\/wp\/v2\/types\/page"}],"author":[{"embeddable":true,"href":"http:\/\/laplumedeloiseaulyre.com\/index.php?rest_route=\/wp\/v2\/users\/1"}],"replies":[{"embeddable":true,"href":"http:\/\/laplumedeloiseaulyre.com\/index.php?rest_route=%2Fwp%2Fv2%2Fcomments&post=7135"}],"version-history":[{"count":3,"href":"http:\/\/laplumedeloiseaulyre.com\/index.php?rest_route=\/wp\/v2\/pages\/7135\/revisions"}],"predecessor-version":[{"id":13694,"href":"http:\/\/laplumedeloiseaulyre.com\/index.php?rest_route=\/wp\/v2\/pages\/7135\/revisions\/13694"}],"wp:attachment":[{"href":"http:\/\/laplumedeloiseaulyre.com\/index.php?rest_route=%2Fwp%2Fv2%2Fmedia&parent=7135"}],"curies":[{"name":"wp","href":"https:\/\/api.w.org\/{rel}","templated":true}]}}