{"id":7124,"date":"2018-03-01T22:40:46","date_gmt":"2018-03-01T22:40:46","guid":{"rendered":"http:\/\/laplumedeloiseaulyre.com\/?page_id=7124"},"modified":"2021-03-26T14:55:47","modified_gmt":"2021-03-26T14:55:47","slug":"mouron-anagallis-arvensis","status":"publish","type":"page","link":"http:\/\/laplumedeloiseaulyre.com\/?page_id=7124","title":{"rendered":"MOURON ROUGE Anagallis arvensis"},"content":{"rendered":"<p>Comme le gazon sans cesse humili\u00e9<br \/>\nNe parvient \u00e0 r\u00e9duire sa tourmente :<br \/>\nDe l\u2019h\u00e9r\u00e9sie je d\u00e9teste la pente<br \/>\nDu Mouron je hais l\u2019opini\u00e2tret\u00e9.<\/p>\n","protected":false},"excerpt":{"rendered":"<p>Comme le gazon sans cesse humili\u00e9 Ne parvient \u00e0 r\u00e9duire sa tourmente : De l\u2019h\u00e9r\u00e9sie je d\u00e9teste la pente Du Mouron je hais l\u2019opini\u00e2tret\u00e9.<\/p>\n<p class=\"more-link-p\"><a class=\"more-link\" href=\"http:\/\/laplumedeloiseaulyre.com\/?page_id=7124\">Read more &rarr;<\/a><\/p>\n","protected":false},"author":1,"featured_media":0,"parent":0,"menu_order":0,"comment_status":"closed","ping_status":"closed","template":"","meta":{"spay_email":""},"jetpack_shortlink":"https:\/\/wp.me\/P4lzfC-1QU","_links":{"self":[{"href":"http:\/\/laplumedeloiseaulyre.com\/index.php?rest_route=\/wp\/v2\/pages\/7124"}],"collection":[{"href":"http:\/\/laplumedeloiseaulyre.com\/index.php?rest_route=\/wp\/v2\/pages"}],"about":[{"href":"http:\/\/laplumedeloiseaulyre.com\/index.php?rest_route=\/wp\/v2\/types\/page"}],"author":[{"embeddable":true,"href":"http:\/\/laplumedeloiseaulyre.com\/index.php?rest_route=\/wp\/v2\/users\/1"}],"replies":[{"embeddable":true,"href":"http:\/\/laplumedeloiseaulyre.com\/index.php?rest_route=%2Fwp%2Fv2%2Fcomments&post=7124"}],"version-history":[{"count":2,"href":"http:\/\/laplumedeloiseaulyre.com\/index.php?rest_route=\/wp\/v2\/pages\/7124\/revisions"}],"predecessor-version":[{"id":11951,"href":"http:\/\/laplumedeloiseaulyre.com\/index.php?rest_route=\/wp\/v2\/pages\/7124\/revisions\/11951"}],"wp:attachment":[{"href":"http:\/\/laplumedeloiseaulyre.com\/index.php?rest_route=%2Fwp%2Fv2%2Fmedia&parent=7124"}],"curies":[{"name":"wp","href":"https:\/\/api.w.org\/{rel}","templated":true}]}}