{"id":7122,"date":"2018-03-01T22:38:44","date_gmt":"2018-03-01T22:38:44","guid":{"rendered":"http:\/\/laplumedeloiseaulyre.com\/?page_id=7122"},"modified":"2018-03-01T22:38:44","modified_gmt":"2018-03-01T22:38:44","slug":"morelle-douce-amere-solanum-dulcamara","status":"publish","type":"page","link":"http:\/\/laplumedeloiseaulyre.com\/?page_id=7122","title":{"rendered":"MORELLE DOUCE-AM\u00c8RE Solanum dulcamara"},"content":{"rendered":"<p>De Morelle ne puis d\u00e9faire mon penser,<br \/>\nNi fuir sa voix de raisin de loup qui me glace,<br \/>\nElle me consume en onguent sans me br\u00fbler<br \/>\nDouce-am\u00e8re qui me fait implorer sa gr\u00e2ce.<\/p>\n","protected":false},"excerpt":{"rendered":"<p>De Morelle ne puis d\u00e9faire mon penser, Ni fuir sa voix de raisin de loup qui me glace, Elle me consume en onguent sans me br\u00fbler Douce-am\u00e8re qui me fait implorer sa gr\u00e2ce.<\/p>\n<p class=\"more-link-p\"><a class=\"more-link\" href=\"http:\/\/laplumedeloiseaulyre.com\/?page_id=7122\">Read more &rarr;<\/a><\/p>\n","protected":false},"author":1,"featured_media":0,"parent":0,"menu_order":0,"comment_status":"closed","ping_status":"closed","template":"","meta":{"spay_email":""},"jetpack_shortlink":"https:\/\/wp.me\/P4lzfC-1QS","_links":{"self":[{"href":"http:\/\/laplumedeloiseaulyre.com\/index.php?rest_route=\/wp\/v2\/pages\/7122"}],"collection":[{"href":"http:\/\/laplumedeloiseaulyre.com\/index.php?rest_route=\/wp\/v2\/pages"}],"about":[{"href":"http:\/\/laplumedeloiseaulyre.com\/index.php?rest_route=\/wp\/v2\/types\/page"}],"author":[{"embeddable":true,"href":"http:\/\/laplumedeloiseaulyre.com\/index.php?rest_route=\/wp\/v2\/users\/1"}],"replies":[{"embeddable":true,"href":"http:\/\/laplumedeloiseaulyre.com\/index.php?rest_route=%2Fwp%2Fv2%2Fcomments&post=7122"}],"version-history":[{"count":1,"href":"http:\/\/laplumedeloiseaulyre.com\/index.php?rest_route=\/wp\/v2\/pages\/7122\/revisions"}],"predecessor-version":[{"id":7123,"href":"http:\/\/laplumedeloiseaulyre.com\/index.php?rest_route=\/wp\/v2\/pages\/7122\/revisions\/7123"}],"wp:attachment":[{"href":"http:\/\/laplumedeloiseaulyre.com\/index.php?rest_route=%2Fwp%2Fv2%2Fmedia&parent=7122"}],"curies":[{"name":"wp","href":"https:\/\/api.w.org\/{rel}","templated":true}]}}