{"id":7120,"date":"2018-03-01T22:38:16","date_gmt":"2018-03-01T22:38:16","guid":{"rendered":"http:\/\/laplumedeloiseaulyre.com\/?page_id=7120"},"modified":"2018-03-01T22:38:16","modified_gmt":"2018-03-01T22:38:16","slug":"monarde-monarda-didyma","status":"publish","type":"page","link":"http:\/\/laplumedeloiseaulyre.com\/?page_id=7120","title":{"rendered":"MONARDE Monarda didyma"},"content":{"rendered":"<p>Quand je reviendrai vers toi, libre et tienne,<br \/>\nAyant sem\u00e9 la Monarde du temps,<br \/>\nAyant d\u00e9band\u00e9 l\u2019arc tendu de peine<br \/>\nAlors je serai fl\u00e8che de tes ans.<\/p>\n","protected":false},"excerpt":{"rendered":"<p>Quand je reviendrai vers toi, libre et tienne, Ayant sem\u00e9 la Monarde du temps, Ayant d\u00e9band\u00e9 l\u2019arc tendu de peine Alors je serai fl\u00e8che de tes ans.<\/p>\n<p class=\"more-link-p\"><a class=\"more-link\" href=\"http:\/\/laplumedeloiseaulyre.com\/?page_id=7120\">Read more &rarr;<\/a><\/p>\n","protected":false},"author":1,"featured_media":0,"parent":0,"menu_order":0,"comment_status":"closed","ping_status":"closed","template":"","meta":{"spay_email":""},"jetpack_shortlink":"https:\/\/wp.me\/P4lzfC-1QQ","_links":{"self":[{"href":"http:\/\/laplumedeloiseaulyre.com\/index.php?rest_route=\/wp\/v2\/pages\/7120"}],"collection":[{"href":"http:\/\/laplumedeloiseaulyre.com\/index.php?rest_route=\/wp\/v2\/pages"}],"about":[{"href":"http:\/\/laplumedeloiseaulyre.com\/index.php?rest_route=\/wp\/v2\/types\/page"}],"author":[{"embeddable":true,"href":"http:\/\/laplumedeloiseaulyre.com\/index.php?rest_route=\/wp\/v2\/users\/1"}],"replies":[{"embeddable":true,"href":"http:\/\/laplumedeloiseaulyre.com\/index.php?rest_route=%2Fwp%2Fv2%2Fcomments&post=7120"}],"version-history":[{"count":1,"href":"http:\/\/laplumedeloiseaulyre.com\/index.php?rest_route=\/wp\/v2\/pages\/7120\/revisions"}],"predecessor-version":[{"id":7121,"href":"http:\/\/laplumedeloiseaulyre.com\/index.php?rest_route=\/wp\/v2\/pages\/7120\/revisions\/7121"}],"wp:attachment":[{"href":"http:\/\/laplumedeloiseaulyre.com\/index.php?rest_route=%2Fwp%2Fv2%2Fmedia&parent=7120"}],"curies":[{"name":"wp","href":"https:\/\/api.w.org\/{rel}","templated":true}]}}