{"id":7106,"date":"2018-03-01T22:32:19","date_gmt":"2018-03-01T22:32:19","guid":{"rendered":"http:\/\/laplumedeloiseaulyre.com\/?page_id=7106"},"modified":"2021-05-01T13:48:47","modified_gmt":"2021-05-01T13:48:47","slug":"millepertuis-hypericum-perforatum","status":"publish","type":"page","link":"http:\/\/laplumedeloiseaulyre.com\/?page_id=7106","title":{"rendered":"MILLEPERTUIS Hypericum perforatum"},"content":{"rendered":"<p>Soleil que jamais ne vis se lever,<br \/>\nMillepertuis las en moi tu demeures,<br \/>\nToi, mon rayon johannique enfi\u00e9vr\u00e9<br \/>\nComme un malade serait gu\u00e9risseur.<\/p>\n","protected":false},"excerpt":{"rendered":"<p>Soleil que jamais ne vis se lever, Millepertuis las en moi tu demeures, Toi, mon rayon johannique enfi\u00e9vr\u00e9 Comme un malade serait gu\u00e9risseur.<\/p>\n<p class=\"more-link-p\"><a class=\"more-link\" href=\"http:\/\/laplumedeloiseaulyre.com\/?page_id=7106\">Read more &rarr;<\/a><\/p>\n","protected":false},"author":1,"featured_media":0,"parent":0,"menu_order":0,"comment_status":"closed","ping_status":"closed","template":"","meta":{"spay_email":""},"jetpack_shortlink":"https:\/\/wp.me\/P4lzfC-1QC","_links":{"self":[{"href":"http:\/\/laplumedeloiseaulyre.com\/index.php?rest_route=\/wp\/v2\/pages\/7106"}],"collection":[{"href":"http:\/\/laplumedeloiseaulyre.com\/index.php?rest_route=\/wp\/v2\/pages"}],"about":[{"href":"http:\/\/laplumedeloiseaulyre.com\/index.php?rest_route=\/wp\/v2\/types\/page"}],"author":[{"embeddable":true,"href":"http:\/\/laplumedeloiseaulyre.com\/index.php?rest_route=\/wp\/v2\/users\/1"}],"replies":[{"embeddable":true,"href":"http:\/\/laplumedeloiseaulyre.com\/index.php?rest_route=%2Fwp%2Fv2%2Fcomments&post=7106"}],"version-history":[{"count":2,"href":"http:\/\/laplumedeloiseaulyre.com\/index.php?rest_route=\/wp\/v2\/pages\/7106\/revisions"}],"predecessor-version":[{"id":12097,"href":"http:\/\/laplumedeloiseaulyre.com\/index.php?rest_route=\/wp\/v2\/pages\/7106\/revisions\/12097"}],"wp:attachment":[{"href":"http:\/\/laplumedeloiseaulyre.com\/index.php?rest_route=%2Fwp%2Fv2%2Fmedia&parent=7106"}],"curies":[{"name":"wp","href":"https:\/\/api.w.org\/{rel}","templated":true}]}}