{"id":7103,"date":"2018-03-01T22:31:30","date_gmt":"2018-03-01T22:31:30","guid":{"rendered":"http:\/\/laplumedeloiseaulyre.com\/?page_id=7103"},"modified":"2018-03-01T22:31:30","modified_gmt":"2018-03-01T22:31:30","slug":"micocoulier-celtis-australis","status":"publish","type":"page","link":"http:\/\/laplumedeloiseaulyre.com\/?page_id=7103","title":{"rendered":"MICOCOULIER  Celtis australis"},"content":{"rendered":"<p>Souvent l\u2019on s\u2019\u00e9prend d\u2019un Micocoulier<br \/>\nEn oubliant toute math\u00e9matique,<br \/>\nTout chiffre, calcul et syst\u00e9matique<br \/>\nPour la d\u00e9mesure d\u2019\u00e9ternit\u00e9.<\/p>\n","protected":false},"excerpt":{"rendered":"<p>Souvent l\u2019on s\u2019\u00e9prend d\u2019un Micocoulier En oubliant toute math\u00e9matique, Tout chiffre, calcul et syst\u00e9matique Pour la d\u00e9mesure d\u2019\u00e9ternit\u00e9.<\/p>\n<p class=\"more-link-p\"><a class=\"more-link\" href=\"http:\/\/laplumedeloiseaulyre.com\/?page_id=7103\">Read more &rarr;<\/a><\/p>\n","protected":false},"author":1,"featured_media":0,"parent":0,"menu_order":0,"comment_status":"closed","ping_status":"closed","template":"","meta":{"spay_email":""},"jetpack_shortlink":"https:\/\/wp.me\/P4lzfC-1Qz","_links":{"self":[{"href":"http:\/\/laplumedeloiseaulyre.com\/index.php?rest_route=\/wp\/v2\/pages\/7103"}],"collection":[{"href":"http:\/\/laplumedeloiseaulyre.com\/index.php?rest_route=\/wp\/v2\/pages"}],"about":[{"href":"http:\/\/laplumedeloiseaulyre.com\/index.php?rest_route=\/wp\/v2\/types\/page"}],"author":[{"embeddable":true,"href":"http:\/\/laplumedeloiseaulyre.com\/index.php?rest_route=\/wp\/v2\/users\/1"}],"replies":[{"embeddable":true,"href":"http:\/\/laplumedeloiseaulyre.com\/index.php?rest_route=%2Fwp%2Fv2%2Fcomments&post=7103"}],"version-history":[{"count":1,"href":"http:\/\/laplumedeloiseaulyre.com\/index.php?rest_route=\/wp\/v2\/pages\/7103\/revisions"}],"predecessor-version":[{"id":7104,"href":"http:\/\/laplumedeloiseaulyre.com\/index.php?rest_route=\/wp\/v2\/pages\/7103\/revisions\/7104"}],"wp:attachment":[{"href":"http:\/\/laplumedeloiseaulyre.com\/index.php?rest_route=%2Fwp%2Fv2%2Fmedia&parent=7103"}],"curies":[{"name":"wp","href":"https:\/\/api.w.org\/{rel}","templated":true}]}}