{"id":7101,"date":"2018-03-01T22:30:44","date_gmt":"2018-03-01T22:30:44","guid":{"rendered":"http:\/\/laplumedeloiseaulyre.com\/?page_id=7101"},"modified":"2018-03-01T22:30:44","modified_gmt":"2018-03-01T22:30:44","slug":"merisier-prunus-avium","status":"publish","type":"page","link":"http:\/\/laplumedeloiseaulyre.com\/?page_id=7101","title":{"rendered":"MERISIER  Prunus avium"},"content":{"rendered":"<p>Veillant aupr\u00e8s d&rsquo;un \u00e2tre o\u00f9 l\u2019\u00e9treinte somnole<br \/>\nJe d\u00e9visage les flamb\u00e9es de notre sort,<br \/>\nJe rassemble et divise l&rsquo;ombre de nos corps<br \/>\nComme deux Merisiers se joignent et s&rsquo;isolent.<\/p>\n","protected":false},"excerpt":{"rendered":"<p>Veillant aupr\u00e8s d&rsquo;un \u00e2tre o\u00f9 l\u2019\u00e9treinte somnole Je d\u00e9visage les flamb\u00e9es de notre sort, Je rassemble et divise l&rsquo;ombre de nos corps Comme deux Merisiers se joignent et s&rsquo;isolent.<\/p>\n<p class=\"more-link-p\"><a class=\"more-link\" href=\"http:\/\/laplumedeloiseaulyre.com\/?page_id=7101\">Read more &rarr;<\/a><\/p>\n","protected":false},"author":1,"featured_media":0,"parent":0,"menu_order":0,"comment_status":"closed","ping_status":"closed","template":"","meta":{"spay_email":""},"jetpack_shortlink":"https:\/\/wp.me\/P4lzfC-1Qx","_links":{"self":[{"href":"http:\/\/laplumedeloiseaulyre.com\/index.php?rest_route=\/wp\/v2\/pages\/7101"}],"collection":[{"href":"http:\/\/laplumedeloiseaulyre.com\/index.php?rest_route=\/wp\/v2\/pages"}],"about":[{"href":"http:\/\/laplumedeloiseaulyre.com\/index.php?rest_route=\/wp\/v2\/types\/page"}],"author":[{"embeddable":true,"href":"http:\/\/laplumedeloiseaulyre.com\/index.php?rest_route=\/wp\/v2\/users\/1"}],"replies":[{"embeddable":true,"href":"http:\/\/laplumedeloiseaulyre.com\/index.php?rest_route=%2Fwp%2Fv2%2Fcomments&post=7101"}],"version-history":[{"count":1,"href":"http:\/\/laplumedeloiseaulyre.com\/index.php?rest_route=\/wp\/v2\/pages\/7101\/revisions"}],"predecessor-version":[{"id":7102,"href":"http:\/\/laplumedeloiseaulyre.com\/index.php?rest_route=\/wp\/v2\/pages\/7101\/revisions\/7102"}],"wp:attachment":[{"href":"http:\/\/laplumedeloiseaulyre.com\/index.php?rest_route=%2Fwp%2Fv2%2Fmedia&parent=7101"}],"curies":[{"name":"wp","href":"https:\/\/api.w.org\/{rel}","templated":true}]}}