{"id":7093,"date":"2018-03-01T22:27:08","date_gmt":"2018-03-01T22:27:08","guid":{"rendered":"http:\/\/laplumedeloiseaulyre.com\/?page_id=7093"},"modified":"2021-05-01T13:43:58","modified_gmt":"2021-05-01T13:43:58","slug":"melilot-melilotus-officinalis","status":"publish","type":"page","link":"http:\/\/laplumedeloiseaulyre.com\/?page_id=7093","title":{"rendered":"M\u00c9LILOT Melilotus officinalis"},"content":{"rendered":"<p>\u00c0 Milly-la-For\u00eat dort Jean Cocteau<br \/>\nSous les simples sem\u00e9es par saint Blaise,<br \/>\nC&rsquo;est ici que les g\u00e9nies s\u2019apaisent<br \/>\nAupr\u00e8s de belladone et M\u00e9lilot.<\/p>\n","protected":false},"excerpt":{"rendered":"<p>\u00c0 Milly-la-For\u00eat dort Jean Cocteau Sous les simples sem\u00e9es par saint Blaise, C&rsquo;est ici que les g\u00e9nies s\u2019apaisent Aupr\u00e8s de belladone et M\u00e9lilot.<\/p>\n<p class=\"more-link-p\"><a class=\"more-link\" href=\"http:\/\/laplumedeloiseaulyre.com\/?page_id=7093\">Read more &rarr;<\/a><\/p>\n","protected":false},"author":1,"featured_media":0,"parent":0,"menu_order":0,"comment_status":"closed","ping_status":"closed","template":"","meta":{"spay_email":""},"jetpack_shortlink":"https:\/\/wp.me\/P4lzfC-1Qp","_links":{"self":[{"href":"http:\/\/laplumedeloiseaulyre.com\/index.php?rest_route=\/wp\/v2\/pages\/7093"}],"collection":[{"href":"http:\/\/laplumedeloiseaulyre.com\/index.php?rest_route=\/wp\/v2\/pages"}],"about":[{"href":"http:\/\/laplumedeloiseaulyre.com\/index.php?rest_route=\/wp\/v2\/types\/page"}],"author":[{"embeddable":true,"href":"http:\/\/laplumedeloiseaulyre.com\/index.php?rest_route=\/wp\/v2\/users\/1"}],"replies":[{"embeddable":true,"href":"http:\/\/laplumedeloiseaulyre.com\/index.php?rest_route=%2Fwp%2Fv2%2Fcomments&post=7093"}],"version-history":[{"count":2,"href":"http:\/\/laplumedeloiseaulyre.com\/index.php?rest_route=\/wp\/v2\/pages\/7093\/revisions"}],"predecessor-version":[{"id":12095,"href":"http:\/\/laplumedeloiseaulyre.com\/index.php?rest_route=\/wp\/v2\/pages\/7093\/revisions\/12095"}],"wp:attachment":[{"href":"http:\/\/laplumedeloiseaulyre.com\/index.php?rest_route=%2Fwp%2Fv2%2Fmedia&parent=7093"}],"curies":[{"name":"wp","href":"https:\/\/api.w.org\/{rel}","templated":true}]}}