{"id":7091,"date":"2018-03-01T22:26:26","date_gmt":"2018-03-01T22:26:26","guid":{"rendered":"http:\/\/laplumedeloiseaulyre.com\/?page_id=7091"},"modified":"2018-03-01T22:26:26","modified_gmt":"2018-03-01T22:26:26","slug":"mauve-sylvestre-malva-sylvestris","status":"publish","type":"page","link":"http:\/\/laplumedeloiseaulyre.com\/?page_id=7091","title":{"rendered":"MAUVE SYLVESTRE Malva sylvestris"},"content":{"rendered":"<p>Ne laisse pas s\u2019\u00e9tioler de passion<br \/>\nLa Mauve qui perd peu \u00e0 peu son sang<br \/>\n\u00c0 mesure que passent les saisons,<br \/>\n\u00c0 mesure qu\u2019aille hiver tout-puissant.<\/p>\n","protected":false},"excerpt":{"rendered":"<p>Ne laisse pas s\u2019\u00e9tioler de passion La Mauve qui perd peu \u00e0 peu son sang \u00c0 mesure que passent les saisons, \u00c0 mesure qu\u2019aille hiver tout-puissant.<\/p>\n<p class=\"more-link-p\"><a class=\"more-link\" href=\"http:\/\/laplumedeloiseaulyre.com\/?page_id=7091\">Read more &rarr;<\/a><\/p>\n","protected":false},"author":1,"featured_media":0,"parent":0,"menu_order":0,"comment_status":"closed","ping_status":"closed","template":"","meta":{"spay_email":""},"jetpack_shortlink":"https:\/\/wp.me\/P4lzfC-1Qn","_links":{"self":[{"href":"http:\/\/laplumedeloiseaulyre.com\/index.php?rest_route=\/wp\/v2\/pages\/7091"}],"collection":[{"href":"http:\/\/laplumedeloiseaulyre.com\/index.php?rest_route=\/wp\/v2\/pages"}],"about":[{"href":"http:\/\/laplumedeloiseaulyre.com\/index.php?rest_route=\/wp\/v2\/types\/page"}],"author":[{"embeddable":true,"href":"http:\/\/laplumedeloiseaulyre.com\/index.php?rest_route=\/wp\/v2\/users\/1"}],"replies":[{"embeddable":true,"href":"http:\/\/laplumedeloiseaulyre.com\/index.php?rest_route=%2Fwp%2Fv2%2Fcomments&post=7091"}],"version-history":[{"count":1,"href":"http:\/\/laplumedeloiseaulyre.com\/index.php?rest_route=\/wp\/v2\/pages\/7091\/revisions"}],"predecessor-version":[{"id":7092,"href":"http:\/\/laplumedeloiseaulyre.com\/index.php?rest_route=\/wp\/v2\/pages\/7091\/revisions\/7092"}],"wp:attachment":[{"href":"http:\/\/laplumedeloiseaulyre.com\/index.php?rest_route=%2Fwp%2Fv2%2Fmedia&parent=7091"}],"curies":[{"name":"wp","href":"https:\/\/api.w.org\/{rel}","templated":true}]}}