{"id":7087,"date":"2018-03-01T22:24:49","date_gmt":"2018-03-01T22:24:49","guid":{"rendered":"http:\/\/laplumedeloiseaulyre.com\/?page_id=7087"},"modified":"2021-03-26T15:08:59","modified_gmt":"2021-03-26T15:08:59","slug":"matricaire-matricaria-discoidea","status":"publish","type":"page","link":"http:\/\/laplumedeloiseaulyre.com\/?page_id=7087","title":{"rendered":"MATRICAIRE ODORANTE Matricaria discoidea"},"content":{"rendered":"<p>Il fallait imiter la Matricaire<br \/>Mais le c\u0153ur sec n&rsquo;y \u00e9tait pas enclin,<br \/>Maudite soit la princesse trop fi\u00e8re<br \/>Qui rend camomille s\u0153ur de chagrin.<\/p>\n\n\n<p><\/p>\n","protected":false},"excerpt":{"rendered":"<p>Il fallait imiter la MatricaireMais le c\u0153ur sec n&rsquo;y \u00e9tait pas enclin,Maudite soit la princesse trop fi\u00e8reQui rend camomille s\u0153ur de chagrin.<\/p>\n<p class=\"more-link-p\"><a class=\"more-link\" href=\"http:\/\/laplumedeloiseaulyre.com\/?page_id=7087\">Read more &rarr;<\/a><\/p>\n","protected":false},"author":1,"featured_media":0,"parent":0,"menu_order":0,"comment_status":"closed","ping_status":"closed","template":"","meta":{"spay_email":""},"jetpack_shortlink":"https:\/\/wp.me\/P4lzfC-1Qj","_links":{"self":[{"href":"http:\/\/laplumedeloiseaulyre.com\/index.php?rest_route=\/wp\/v2\/pages\/7087"}],"collection":[{"href":"http:\/\/laplumedeloiseaulyre.com\/index.php?rest_route=\/wp\/v2\/pages"}],"about":[{"href":"http:\/\/laplumedeloiseaulyre.com\/index.php?rest_route=\/wp\/v2\/types\/page"}],"author":[{"embeddable":true,"href":"http:\/\/laplumedeloiseaulyre.com\/index.php?rest_route=\/wp\/v2\/users\/1"}],"replies":[{"embeddable":true,"href":"http:\/\/laplumedeloiseaulyre.com\/index.php?rest_route=%2Fwp%2Fv2%2Fcomments&post=7087"}],"version-history":[{"count":4,"href":"http:\/\/laplumedeloiseaulyre.com\/index.php?rest_route=\/wp\/v2\/pages\/7087\/revisions"}],"predecessor-version":[{"id":11955,"href":"http:\/\/laplumedeloiseaulyre.com\/index.php?rest_route=\/wp\/v2\/pages\/7087\/revisions\/11955"}],"wp:attachment":[{"href":"http:\/\/laplumedeloiseaulyre.com\/index.php?rest_route=%2Fwp%2Fv2%2Fmedia&parent=7087"}],"curies":[{"name":"wp","href":"https:\/\/api.w.org\/{rel}","templated":true}]}}