{"id":7085,"date":"2018-03-01T22:23:55","date_gmt":"2018-03-01T22:23:55","guid":{"rendered":"http:\/\/laplumedeloiseaulyre.com\/?page_id=7085"},"modified":"2018-03-01T22:23:55","modified_gmt":"2018-03-01T22:23:55","slug":"mate-ilex-paraguariensis","status":"publish","type":"page","link":"http:\/\/laplumedeloiseaulyre.com\/?page_id=7085","title":{"rendered":"MAT\u00c9 Ilex paraguariensis"},"content":{"rendered":"<p>Je ne puis me souvenir du Mat\u00e9<br \/>\nSans une nostalgie d&rsquo;Am\u00e9rique,<br \/>\nSans songer \u00e0 son ar\u00f4me \u00e9cras\u00e9<br \/>\nComme l\u2019\u0153il d\u2019un chaman extatique.<\/p>\n","protected":false},"excerpt":{"rendered":"<p>Je ne puis me souvenir du Mat\u00e9 Sans une nostalgie d&rsquo;Am\u00e9rique, Sans songer \u00e0 son ar\u00f4me \u00e9cras\u00e9 Comme l\u2019\u0153il d\u2019un chaman extatique.<\/p>\n<p class=\"more-link-p\"><a class=\"more-link\" href=\"http:\/\/laplumedeloiseaulyre.com\/?page_id=7085\">Read more &rarr;<\/a><\/p>\n","protected":false},"author":1,"featured_media":0,"parent":0,"menu_order":0,"comment_status":"closed","ping_status":"closed","template":"","meta":{"spay_email":""},"jetpack_shortlink":"https:\/\/wp.me\/P4lzfC-1Qh","_links":{"self":[{"href":"http:\/\/laplumedeloiseaulyre.com\/index.php?rest_route=\/wp\/v2\/pages\/7085"}],"collection":[{"href":"http:\/\/laplumedeloiseaulyre.com\/index.php?rest_route=\/wp\/v2\/pages"}],"about":[{"href":"http:\/\/laplumedeloiseaulyre.com\/index.php?rest_route=\/wp\/v2\/types\/page"}],"author":[{"embeddable":true,"href":"http:\/\/laplumedeloiseaulyre.com\/index.php?rest_route=\/wp\/v2\/users\/1"}],"replies":[{"embeddable":true,"href":"http:\/\/laplumedeloiseaulyre.com\/index.php?rest_route=%2Fwp%2Fv2%2Fcomments&post=7085"}],"version-history":[{"count":1,"href":"http:\/\/laplumedeloiseaulyre.com\/index.php?rest_route=\/wp\/v2\/pages\/7085\/revisions"}],"predecessor-version":[{"id":7086,"href":"http:\/\/laplumedeloiseaulyre.com\/index.php?rest_route=\/wp\/v2\/pages\/7085\/revisions\/7086"}],"wp:attachment":[{"href":"http:\/\/laplumedeloiseaulyre.com\/index.php?rest_route=%2Fwp%2Fv2%2Fmedia&parent=7085"}],"curies":[{"name":"wp","href":"https:\/\/api.w.org\/{rel}","templated":true}]}}