{"id":7068,"date":"2018-03-01T16:38:34","date_gmt":"2018-03-01T16:38:34","guid":{"rendered":"http:\/\/laplumedeloiseaulyre.com\/?page_id=7068"},"modified":"2018-03-01T16:38:34","modified_gmt":"2018-03-01T16:38:34","slug":"manguier-mangifera-indica","status":"publish","type":"page","link":"http:\/\/laplumedeloiseaulyre.com\/?page_id=7068","title":{"rendered":"MANGUIER Mangifera indica"},"content":{"rendered":"<p>Touriste fluo en tee-shirt hippie et tongs<br \/>\nLe Manguier photographie dunes et d\u00f4mes,<br \/>\n\u00c0 tous il montre ses juteux monochromes,<br \/>\nAcidul\u00e9s comme des balles de ping-pong. <\/p>\n","protected":false},"excerpt":{"rendered":"<p>Touriste fluo en tee-shirt hippie et tongs Le Manguier photographie dunes et d\u00f4mes, \u00c0 tous il montre ses juteux monochromes, Acidul\u00e9s comme des balles de ping-pong.<\/p>\n<p class=\"more-link-p\"><a class=\"more-link\" href=\"http:\/\/laplumedeloiseaulyre.com\/?page_id=7068\">Read more &rarr;<\/a><\/p>\n","protected":false},"author":1,"featured_media":0,"parent":0,"menu_order":0,"comment_status":"closed","ping_status":"closed","template":"","meta":{"spay_email":""},"jetpack_shortlink":"https:\/\/wp.me\/P4lzfC-1Q0","_links":{"self":[{"href":"http:\/\/laplumedeloiseaulyre.com\/index.php?rest_route=\/wp\/v2\/pages\/7068"}],"collection":[{"href":"http:\/\/laplumedeloiseaulyre.com\/index.php?rest_route=\/wp\/v2\/pages"}],"about":[{"href":"http:\/\/laplumedeloiseaulyre.com\/index.php?rest_route=\/wp\/v2\/types\/page"}],"author":[{"embeddable":true,"href":"http:\/\/laplumedeloiseaulyre.com\/index.php?rest_route=\/wp\/v2\/users\/1"}],"replies":[{"embeddable":true,"href":"http:\/\/laplumedeloiseaulyre.com\/index.php?rest_route=%2Fwp%2Fv2%2Fcomments&post=7068"}],"version-history":[{"count":1,"href":"http:\/\/laplumedeloiseaulyre.com\/index.php?rest_route=\/wp\/v2\/pages\/7068\/revisions"}],"predecessor-version":[{"id":7069,"href":"http:\/\/laplumedeloiseaulyre.com\/index.php?rest_route=\/wp\/v2\/pages\/7068\/revisions\/7069"}],"wp:attachment":[{"href":"http:\/\/laplumedeloiseaulyre.com\/index.php?rest_route=%2Fwp%2Fv2%2Fmedia&parent=7068"}],"curies":[{"name":"wp","href":"https:\/\/api.w.org\/{rel}","templated":true}]}}