{"id":7066,"date":"2018-03-01T16:37:51","date_gmt":"2018-03-01T16:37:51","guid":{"rendered":"http:\/\/laplumedeloiseaulyre.com\/?page_id=7066"},"modified":"2018-03-01T16:37:51","modified_gmt":"2018-03-01T16:37:51","slug":"mandragore-mandragora-officinarum","status":"publish","type":"page","link":"http:\/\/laplumedeloiseaulyre.com\/?page_id=7066","title":{"rendered":"MANDRAGORE Mandragora officinarum"},"content":{"rendered":"<p>Ce chant, celui du destin de Scylla,<br \/>\nBoira des poisons \u00e0 gorge \u00e9perdue<br \/>\nTelle Mandragore qui vacilla<br \/>\nSous cordes \u00e9rod\u00e9es par les pendus.<\/p>\n","protected":false},"excerpt":{"rendered":"<p>Ce chant, celui du destin de Scylla, Boira des poisons \u00e0 gorge \u00e9perdue Telle Mandragore qui vacilla Sous cordes \u00e9rod\u00e9es par les pendus.<\/p>\n<p class=\"more-link-p\"><a class=\"more-link\" href=\"http:\/\/laplumedeloiseaulyre.com\/?page_id=7066\">Read more &rarr;<\/a><\/p>\n","protected":false},"author":1,"featured_media":0,"parent":0,"menu_order":0,"comment_status":"closed","ping_status":"closed","template":"","meta":{"spay_email":""},"jetpack_shortlink":"https:\/\/wp.me\/P4lzfC-1PY","_links":{"self":[{"href":"http:\/\/laplumedeloiseaulyre.com\/index.php?rest_route=\/wp\/v2\/pages\/7066"}],"collection":[{"href":"http:\/\/laplumedeloiseaulyre.com\/index.php?rest_route=\/wp\/v2\/pages"}],"about":[{"href":"http:\/\/laplumedeloiseaulyre.com\/index.php?rest_route=\/wp\/v2\/types\/page"}],"author":[{"embeddable":true,"href":"http:\/\/laplumedeloiseaulyre.com\/index.php?rest_route=\/wp\/v2\/users\/1"}],"replies":[{"embeddable":true,"href":"http:\/\/laplumedeloiseaulyre.com\/index.php?rest_route=%2Fwp%2Fv2%2Fcomments&post=7066"}],"version-history":[{"count":1,"href":"http:\/\/laplumedeloiseaulyre.com\/index.php?rest_route=\/wp\/v2\/pages\/7066\/revisions"}],"predecessor-version":[{"id":7067,"href":"http:\/\/laplumedeloiseaulyre.com\/index.php?rest_route=\/wp\/v2\/pages\/7066\/revisions\/7067"}],"wp:attachment":[{"href":"http:\/\/laplumedeloiseaulyre.com\/index.php?rest_route=%2Fwp%2Fv2%2Fmedia&parent=7066"}],"curies":[{"name":"wp","href":"https:\/\/api.w.org\/{rel}","templated":true}]}}