{"id":7060,"date":"2018-03-01T16:34:13","date_gmt":"2018-03-01T16:34:13","guid":{"rendered":"http:\/\/laplumedeloiseaulyre.com\/?page_id=7060"},"modified":"2018-03-01T16:34:13","modified_gmt":"2018-03-01T16:34:13","slug":"mais-zea-mays","status":"publish","type":"page","link":"http:\/\/laplumedeloiseaulyre.com\/?page_id=7060","title":{"rendered":"MA\u00cfS Zea mays"},"content":{"rendered":"<p>Ma\u00efs est le vassal de Seigneur Champ<br \/>\nQuand il tend ses moissons arm\u00e9es de lances,<br \/>\nQuand son arm\u00e9e grill\u00e9e d&rsquo;\u00e9pis qui dansent<br \/>\nSuccombe en saignant des grains d&rsquo;or luisants.<\/p>\n","protected":false},"excerpt":{"rendered":"<p>Ma\u00efs est le vassal de Seigneur Champ Quand il tend ses moissons arm\u00e9es de lances, Quand son arm\u00e9e grill\u00e9e d&rsquo;\u00e9pis qui dansent Succombe en saignant des grains d&rsquo;or luisants.<\/p>\n<p class=\"more-link-p\"><a class=\"more-link\" href=\"http:\/\/laplumedeloiseaulyre.com\/?page_id=7060\">Read more &rarr;<\/a><\/p>\n","protected":false},"author":1,"featured_media":0,"parent":0,"menu_order":0,"comment_status":"closed","ping_status":"closed","template":"","meta":{"spay_email":""},"jetpack_shortlink":"https:\/\/wp.me\/P4lzfC-1PS","_links":{"self":[{"href":"http:\/\/laplumedeloiseaulyre.com\/index.php?rest_route=\/wp\/v2\/pages\/7060"}],"collection":[{"href":"http:\/\/laplumedeloiseaulyre.com\/index.php?rest_route=\/wp\/v2\/pages"}],"about":[{"href":"http:\/\/laplumedeloiseaulyre.com\/index.php?rest_route=\/wp\/v2\/types\/page"}],"author":[{"embeddable":true,"href":"http:\/\/laplumedeloiseaulyre.com\/index.php?rest_route=\/wp\/v2\/users\/1"}],"replies":[{"embeddable":true,"href":"http:\/\/laplumedeloiseaulyre.com\/index.php?rest_route=%2Fwp%2Fv2%2Fcomments&post=7060"}],"version-history":[{"count":1,"href":"http:\/\/laplumedeloiseaulyre.com\/index.php?rest_route=\/wp\/v2\/pages\/7060\/revisions"}],"predecessor-version":[{"id":7061,"href":"http:\/\/laplumedeloiseaulyre.com\/index.php?rest_route=\/wp\/v2\/pages\/7060\/revisions\/7061"}],"wp:attachment":[{"href":"http:\/\/laplumedeloiseaulyre.com\/index.php?rest_route=%2Fwp%2Fv2%2Fmedia&parent=7060"}],"curies":[{"name":"wp","href":"https:\/\/api.w.org\/{rel}","templated":true}]}}