{"id":7055,"date":"2018-03-01T16:32:37","date_gmt":"2018-03-01T16:32:37","guid":{"rendered":"http:\/\/laplumedeloiseaulyre.com\/?page_id=7055"},"modified":"2021-06-27T15:48:10","modified_gmt":"2021-06-27T15:48:10","slug":"magnolia-magnolia-soulangeana","status":"publish","type":"page","link":"http:\/\/laplumedeloiseaulyre.com\/?page_id=7055","title":{"rendered":"MAGNOLIA DE SOULANGE Magnolia x soulangeana"},"content":{"rendered":"<p>Il fallait que tu viennes Magnolia<br \/>\nPour m\u2019enseigner la perfection d\u2019\u00e9t\u00e9,<br \/>\nLa fine ciselure de pens\u00e9e<br \/>\nQui r\u00e9git toute nature en sa loi.<\/p>\n","protected":false},"excerpt":{"rendered":"<p>Il fallait que tu viennes Magnolia Pour m\u2019enseigner la perfection d\u2019\u00e9t\u00e9, La fine ciselure de pens\u00e9e Qui r\u00e9git toute nature en sa loi.<\/p>\n<p class=\"more-link-p\"><a class=\"more-link\" href=\"http:\/\/laplumedeloiseaulyre.com\/?page_id=7055\">Read more &rarr;<\/a><\/p>\n","protected":false},"author":1,"featured_media":0,"parent":0,"menu_order":0,"comment_status":"closed","ping_status":"closed","template":"","meta":{"spay_email":""},"jetpack_shortlink":"https:\/\/wp.me\/P4lzfC-1PN","_links":{"self":[{"href":"http:\/\/laplumedeloiseaulyre.com\/index.php?rest_route=\/wp\/v2\/pages\/7055"}],"collection":[{"href":"http:\/\/laplumedeloiseaulyre.com\/index.php?rest_route=\/wp\/v2\/pages"}],"about":[{"href":"http:\/\/laplumedeloiseaulyre.com\/index.php?rest_route=\/wp\/v2\/types\/page"}],"author":[{"embeddable":true,"href":"http:\/\/laplumedeloiseaulyre.com\/index.php?rest_route=\/wp\/v2\/users\/1"}],"replies":[{"embeddable":true,"href":"http:\/\/laplumedeloiseaulyre.com\/index.php?rest_route=%2Fwp%2Fv2%2Fcomments&post=7055"}],"version-history":[{"count":3,"href":"http:\/\/laplumedeloiseaulyre.com\/index.php?rest_route=\/wp\/v2\/pages\/7055\/revisions"}],"predecessor-version":[{"id":12425,"href":"http:\/\/laplumedeloiseaulyre.com\/index.php?rest_route=\/wp\/v2\/pages\/7055\/revisions\/12425"}],"wp:attachment":[{"href":"http:\/\/laplumedeloiseaulyre.com\/index.php?rest_route=%2Fwp%2Fv2%2Fmedia&parent=7055"}],"curies":[{"name":"wp","href":"https:\/\/api.w.org\/{rel}","templated":true}]}}