{"id":7047,"date":"2018-03-01T16:29:27","date_gmt":"2018-03-01T16:29:27","guid":{"rendered":"http:\/\/laplumedeloiseaulyre.com\/?page_id=7047"},"modified":"2022-02-25T00:59:31","modified_gmt":"2022-02-25T00:59:31","slug":"lys-de-malabar-gloriosa-rothschildiana","status":"publish","type":"page","link":"http:\/\/laplumedeloiseaulyre.com\/?page_id=7047","title":{"rendered":"LYS DE MALABAR Gloriosa superba &lsquo;rothschildiana&rsquo;"},"content":{"rendered":"<p>V\u00e9rit\u00e9 du <em>Gloriosa<\/em> m\u2019enflamme !<br \/>\nJ\u2019ai revu l\u2019ab\u00eeme de mon \u00e2me<br \/>\nLa d\u00e9ch\u00e9ance de toute race<br \/>\nEt splendeur suave de la Gr\u00e2ce.<\/p>\n","protected":false},"excerpt":{"rendered":"<p>V\u00e9rit\u00e9 du Gloriosa m\u2019enflamme ! J\u2019ai revu l\u2019ab\u00eeme de mon \u00e2me La d\u00e9ch\u00e9ance de toute race Et splendeur suave de la Gr\u00e2ce.<\/p>\n<p class=\"more-link-p\"><a class=\"more-link\" href=\"http:\/\/laplumedeloiseaulyre.com\/?page_id=7047\">Read more &rarr;<\/a><\/p>\n","protected":false},"author":1,"featured_media":0,"parent":0,"menu_order":0,"comment_status":"closed","ping_status":"closed","template":"","meta":{"spay_email":""},"jetpack_shortlink":"https:\/\/wp.me\/P4lzfC-1PF","_links":{"self":[{"href":"http:\/\/laplumedeloiseaulyre.com\/index.php?rest_route=\/wp\/v2\/pages\/7047"}],"collection":[{"href":"http:\/\/laplumedeloiseaulyre.com\/index.php?rest_route=\/wp\/v2\/pages"}],"about":[{"href":"http:\/\/laplumedeloiseaulyre.com\/index.php?rest_route=\/wp\/v2\/types\/page"}],"author":[{"embeddable":true,"href":"http:\/\/laplumedeloiseaulyre.com\/index.php?rest_route=\/wp\/v2\/users\/1"}],"replies":[{"embeddable":true,"href":"http:\/\/laplumedeloiseaulyre.com\/index.php?rest_route=%2Fwp%2Fv2%2Fcomments&post=7047"}],"version-history":[{"count":3,"href":"http:\/\/laplumedeloiseaulyre.com\/index.php?rest_route=\/wp\/v2\/pages\/7047\/revisions"}],"predecessor-version":[{"id":13686,"href":"http:\/\/laplumedeloiseaulyre.com\/index.php?rest_route=\/wp\/v2\/pages\/7047\/revisions\/13686"}],"wp:attachment":[{"href":"http:\/\/laplumedeloiseaulyre.com\/index.php?rest_route=%2Fwp%2Fv2%2Fmedia&parent=7047"}],"curies":[{"name":"wp","href":"https:\/\/api.w.org\/{rel}","templated":true}]}}