{"id":7045,"date":"2018-03-01T16:27:43","date_gmt":"2018-03-01T16:27:43","guid":{"rendered":"http:\/\/laplumedeloiseaulyre.com\/?page_id=7045"},"modified":"2018-03-01T16:27:43","modified_gmt":"2018-03-01T16:27:43","slug":"lys-lilium-stargazer","status":"publish","type":"page","link":"http:\/\/laplumedeloiseaulyre.com\/?page_id=7045","title":{"rendered":"LYS  Lilium \u2018stargazer\u2019"},"content":{"rendered":"<p>Profite-bien, Muse, de ces calices,<br \/>\nMoi qui n&rsquo;en conna\u00eetrai que l\u2019amertume,<br \/>\nExil m\u2019\u00e9loigne de toi, fleur de Lys<br \/>\nN\u00e9e pour d\u00e9p\u00e9rir, f\u00e9ale de lune.<\/p>\n","protected":false},"excerpt":{"rendered":"<p>Profite-bien, Muse, de ces calices, Moi qui n&rsquo;en conna\u00eetrai que l\u2019amertume, Exil m\u2019\u00e9loigne de toi, fleur de Lys N\u00e9e pour d\u00e9p\u00e9rir, f\u00e9ale de lune.<\/p>\n<p class=\"more-link-p\"><a class=\"more-link\" href=\"http:\/\/laplumedeloiseaulyre.com\/?page_id=7045\">Read more &rarr;<\/a><\/p>\n","protected":false},"author":1,"featured_media":0,"parent":0,"menu_order":0,"comment_status":"closed","ping_status":"closed","template":"","meta":{"spay_email":""},"jetpack_shortlink":"https:\/\/wp.me\/P4lzfC-1PD","_links":{"self":[{"href":"http:\/\/laplumedeloiseaulyre.com\/index.php?rest_route=\/wp\/v2\/pages\/7045"}],"collection":[{"href":"http:\/\/laplumedeloiseaulyre.com\/index.php?rest_route=\/wp\/v2\/pages"}],"about":[{"href":"http:\/\/laplumedeloiseaulyre.com\/index.php?rest_route=\/wp\/v2\/types\/page"}],"author":[{"embeddable":true,"href":"http:\/\/laplumedeloiseaulyre.com\/index.php?rest_route=\/wp\/v2\/users\/1"}],"replies":[{"embeddable":true,"href":"http:\/\/laplumedeloiseaulyre.com\/index.php?rest_route=%2Fwp%2Fv2%2Fcomments&post=7045"}],"version-history":[{"count":1,"href":"http:\/\/laplumedeloiseaulyre.com\/index.php?rest_route=\/wp\/v2\/pages\/7045\/revisions"}],"predecessor-version":[{"id":7046,"href":"http:\/\/laplumedeloiseaulyre.com\/index.php?rest_route=\/wp\/v2\/pages\/7045\/revisions\/7046"}],"wp:attachment":[{"href":"http:\/\/laplumedeloiseaulyre.com\/index.php?rest_route=%2Fwp%2Fv2%2Fmedia&parent=7045"}],"curies":[{"name":"wp","href":"https:\/\/api.w.org\/{rel}","templated":true}]}}