{"id":7042,"date":"2018-03-01T16:25:38","date_gmt":"2018-03-01T16:25:38","guid":{"rendered":"http:\/\/laplumedeloiseaulyre.com\/?page_id=7042"},"modified":"2022-01-30T23:18:18","modified_gmt":"2022-01-30T23:18:18","slug":"lysimaque-lysimachia-vulgaris","status":"publish","type":"page","link":"http:\/\/laplumedeloiseaulyre.com\/?page_id=7042","title":{"rendered":"LYSIMAQUE  Lysimachia vulgaris"},"content":{"rendered":"<p>Ayant combattu Seuth\u00e8s, Pyrrhus et les G\u00e8tes<br \/>\nLe Lysimaque a des origines satrapes,<br \/>\nIl fonde des cit\u00e9s, diadoque des agapes,<br \/>\nEn d\u00e9clarant : \u00ab Et moi aussi je suis po\u00e8te ! \u00bb<\/p>\n","protected":false},"excerpt":{"rendered":"<p>Ayant combattu Seuth\u00e8s, Pyrrhus et les G\u00e8tes Le Lysimaque a des origines satrapes, Il fonde des cit\u00e9s, diadoque des agapes, En d\u00e9clarant : \u00ab Et moi aussi je suis po\u00e8te ! \u00bb<\/p>\n<p class=\"more-link-p\"><a class=\"more-link\" href=\"http:\/\/laplumedeloiseaulyre.com\/?page_id=7042\">Read more &rarr;<\/a><\/p>\n","protected":false},"author":1,"featured_media":0,"parent":0,"menu_order":0,"comment_status":"closed","ping_status":"closed","template":"","meta":{"spay_email":""},"jetpack_shortlink":"https:\/\/wp.me\/P4lzfC-1PA","_links":{"self":[{"href":"http:\/\/laplumedeloiseaulyre.com\/index.php?rest_route=\/wp\/v2\/pages\/7042"}],"collection":[{"href":"http:\/\/laplumedeloiseaulyre.com\/index.php?rest_route=\/wp\/v2\/pages"}],"about":[{"href":"http:\/\/laplumedeloiseaulyre.com\/index.php?rest_route=\/wp\/v2\/types\/page"}],"author":[{"embeddable":true,"href":"http:\/\/laplumedeloiseaulyre.com\/index.php?rest_route=\/wp\/v2\/users\/1"}],"replies":[{"embeddable":true,"href":"http:\/\/laplumedeloiseaulyre.com\/index.php?rest_route=%2Fwp%2Fv2%2Fcomments&post=7042"}],"version-history":[{"count":2,"href":"http:\/\/laplumedeloiseaulyre.com\/index.php?rest_route=\/wp\/v2\/pages\/7042\/revisions"}],"predecessor-version":[{"id":13510,"href":"http:\/\/laplumedeloiseaulyre.com\/index.php?rest_route=\/wp\/v2\/pages\/7042\/revisions\/13510"}],"wp:attachment":[{"href":"http:\/\/laplumedeloiseaulyre.com\/index.php?rest_route=%2Fwp%2Fv2%2Fmedia&parent=7042"}],"curies":[{"name":"wp","href":"https:\/\/api.w.org\/{rel}","templated":true}]}}