{"id":7033,"date":"2018-03-01T16:14:48","date_gmt":"2018-03-01T16:14:48","guid":{"rendered":"http:\/\/laplumedeloiseaulyre.com\/?page_id=7033"},"modified":"2018-03-01T16:14:48","modified_gmt":"2018-03-01T16:14:48","slug":"lupin-lupinus-angustifolius","status":"publish","type":"page","link":"http:\/\/laplumedeloiseaulyre.com\/?page_id=7033","title":{"rendered":"LUPIN Lupinus angustifolius"},"content":{"rendered":"<p>Que m&rsquo;importe votre charme \u00f4 Lupin,<br \/>\nPuisque mon charme lui d\u00e9pla\u00eet ? \u00d4 lui<br \/>\nPour qui j&rsquo;ai quitt\u00e9 maisons et amis,<br \/>\nParents, foyer, h\u00e9ritage et desseins.<\/p>\n","protected":false},"excerpt":{"rendered":"<p>Que m&rsquo;importe votre charme \u00f4 Lupin, Puisque mon charme lui d\u00e9pla\u00eet ? \u00d4 lui Pour qui j&rsquo;ai quitt\u00e9 maisons et amis, Parents, foyer, h\u00e9ritage et desseins.<\/p>\n<p class=\"more-link-p\"><a class=\"more-link\" href=\"http:\/\/laplumedeloiseaulyre.com\/?page_id=7033\">Read more &rarr;<\/a><\/p>\n","protected":false},"author":1,"featured_media":0,"parent":0,"menu_order":0,"comment_status":"closed","ping_status":"closed","template":"","meta":{"spay_email":""},"jetpack_shortlink":"https:\/\/wp.me\/P4lzfC-1Pr","_links":{"self":[{"href":"http:\/\/laplumedeloiseaulyre.com\/index.php?rest_route=\/wp\/v2\/pages\/7033"}],"collection":[{"href":"http:\/\/laplumedeloiseaulyre.com\/index.php?rest_route=\/wp\/v2\/pages"}],"about":[{"href":"http:\/\/laplumedeloiseaulyre.com\/index.php?rest_route=\/wp\/v2\/types\/page"}],"author":[{"embeddable":true,"href":"http:\/\/laplumedeloiseaulyre.com\/index.php?rest_route=\/wp\/v2\/users\/1"}],"replies":[{"embeddable":true,"href":"http:\/\/laplumedeloiseaulyre.com\/index.php?rest_route=%2Fwp%2Fv2%2Fcomments&post=7033"}],"version-history":[{"count":1,"href":"http:\/\/laplumedeloiseaulyre.com\/index.php?rest_route=\/wp\/v2\/pages\/7033\/revisions"}],"predecessor-version":[{"id":7034,"href":"http:\/\/laplumedeloiseaulyre.com\/index.php?rest_route=\/wp\/v2\/pages\/7033\/revisions\/7034"}],"wp:attachment":[{"href":"http:\/\/laplumedeloiseaulyre.com\/index.php?rest_route=%2Fwp%2Fv2%2Fmedia&parent=7033"}],"curies":[{"name":"wp","href":"https:\/\/api.w.org\/{rel}","templated":true}]}}