{"id":7031,"date":"2018-03-01T16:13:53","date_gmt":"2018-03-01T16:13:53","guid":{"rendered":"http:\/\/laplumedeloiseaulyre.com\/?page_id=7031"},"modified":"2018-03-01T16:13:53","modified_gmt":"2018-03-01T16:13:53","slug":"lunaire-lunaria-annua","status":"publish","type":"page","link":"http:\/\/laplumedeloiseaulyre.com\/?page_id=7031","title":{"rendered":"LUNAIRE Lunaria annua"},"content":{"rendered":"<p>Je vois un Tintor\u00eat imaginaire<br \/>\nAvec un doge en toge damass\u00e9e<br \/>\nOffrant au pape des nacres Lunaires<br \/>\nJaillies d\u2019une mosa\u00efque ench\u00e2ss\u00e9e.<\/p>\n","protected":false},"excerpt":{"rendered":"<p>Je vois un Tintor\u00eat imaginaire Avec un doge en toge damass\u00e9e Offrant au pape des nacres Lunaires Jaillies d\u2019une mosa\u00efque ench\u00e2ss\u00e9e.<\/p>\n<p class=\"more-link-p\"><a class=\"more-link\" href=\"http:\/\/laplumedeloiseaulyre.com\/?page_id=7031\">Read more &rarr;<\/a><\/p>\n","protected":false},"author":1,"featured_media":0,"parent":0,"menu_order":0,"comment_status":"closed","ping_status":"closed","template":"","meta":{"spay_email":""},"jetpack_shortlink":"https:\/\/wp.me\/P4lzfC-1Pp","_links":{"self":[{"href":"http:\/\/laplumedeloiseaulyre.com\/index.php?rest_route=\/wp\/v2\/pages\/7031"}],"collection":[{"href":"http:\/\/laplumedeloiseaulyre.com\/index.php?rest_route=\/wp\/v2\/pages"}],"about":[{"href":"http:\/\/laplumedeloiseaulyre.com\/index.php?rest_route=\/wp\/v2\/types\/page"}],"author":[{"embeddable":true,"href":"http:\/\/laplumedeloiseaulyre.com\/index.php?rest_route=\/wp\/v2\/users\/1"}],"replies":[{"embeddable":true,"href":"http:\/\/laplumedeloiseaulyre.com\/index.php?rest_route=%2Fwp%2Fv2%2Fcomments&post=7031"}],"version-history":[{"count":1,"href":"http:\/\/laplumedeloiseaulyre.com\/index.php?rest_route=\/wp\/v2\/pages\/7031\/revisions"}],"predecessor-version":[{"id":7032,"href":"http:\/\/laplumedeloiseaulyre.com\/index.php?rest_route=\/wp\/v2\/pages\/7031\/revisions\/7032"}],"wp:attachment":[{"href":"http:\/\/laplumedeloiseaulyre.com\/index.php?rest_route=%2Fwp%2Fv2%2Fmedia&parent=7031"}],"curies":[{"name":"wp","href":"https:\/\/api.w.org\/{rel}","templated":true}]}}