{"id":7029,"date":"2018-03-01T16:13:05","date_gmt":"2018-03-01T16:13:05","guid":{"rendered":"http:\/\/laplumedeloiseaulyre.com\/?page_id=7029"},"modified":"2021-03-26T14:38:02","modified_gmt":"2021-03-26T14:38:02","slug":"lotus-nelumbo-nucifera","status":"publish","type":"page","link":"http:\/\/laplumedeloiseaulyre.com\/?page_id=7029","title":{"rendered":"LOTUS Nelumbo nucifera"},"content":{"rendered":"<p>Comme poisson attir\u00e9 par l\u2019app\u00e2t<br \/>\nH\u00e9site en consultant sa destin\u00e9e,<br \/>\nJ\u2019ai mordu \u00e0 l&rsquo;hame\u00e7on du tr\u00e9pas<br \/>\nSournois que cachait Lotus accol\u00e9.<\/p>\n","protected":false},"excerpt":{"rendered":"<p>Comme poisson attir\u00e9 par l\u2019app\u00e2t H\u00e9site en consultant sa destin\u00e9e, J\u2019ai mordu \u00e0 l&rsquo;hame\u00e7on du tr\u00e9pas Sournois que cachait Lotus accol\u00e9.<\/p>\n<p class=\"more-link-p\"><a class=\"more-link\" href=\"http:\/\/laplumedeloiseaulyre.com\/?page_id=7029\">Read more &rarr;<\/a><\/p>\n","protected":false},"author":1,"featured_media":0,"parent":0,"menu_order":0,"comment_status":"closed","ping_status":"closed","template":"","meta":{"spay_email":""},"jetpack_shortlink":"https:\/\/wp.me\/P4lzfC-1Pn","_links":{"self":[{"href":"http:\/\/laplumedeloiseaulyre.com\/index.php?rest_route=\/wp\/v2\/pages\/7029"}],"collection":[{"href":"http:\/\/laplumedeloiseaulyre.com\/index.php?rest_route=\/wp\/v2\/pages"}],"about":[{"href":"http:\/\/laplumedeloiseaulyre.com\/index.php?rest_route=\/wp\/v2\/types\/page"}],"author":[{"embeddable":true,"href":"http:\/\/laplumedeloiseaulyre.com\/index.php?rest_route=\/wp\/v2\/users\/1"}],"replies":[{"embeddable":true,"href":"http:\/\/laplumedeloiseaulyre.com\/index.php?rest_route=%2Fwp%2Fv2%2Fcomments&post=7029"}],"version-history":[{"count":2,"href":"http:\/\/laplumedeloiseaulyre.com\/index.php?rest_route=\/wp\/v2\/pages\/7029\/revisions"}],"predecessor-version":[{"id":11939,"href":"http:\/\/laplumedeloiseaulyre.com\/index.php?rest_route=\/wp\/v2\/pages\/7029\/revisions\/11939"}],"wp:attachment":[{"href":"http:\/\/laplumedeloiseaulyre.com\/index.php?rest_route=%2Fwp%2Fv2%2Fmedia&parent=7029"}],"curies":[{"name":"wp","href":"https:\/\/api.w.org\/{rel}","templated":true}]}}