{"id":7023,"date":"2018-03-01T16:04:05","date_gmt":"2018-03-01T16:04:05","guid":{"rendered":"http:\/\/laplumedeloiseaulyre.com\/?page_id=7023"},"modified":"2018-03-01T16:04:05","modified_gmt":"2018-03-01T16:04:05","slug":"eucomis-eucomis-autumnalis","status":"publish","type":"page","link":"http:\/\/laplumedeloiseaulyre.com\/?page_id=7023","title":{"rendered":"EUCOMIS Eucomis autumnalis"},"content":{"rendered":"<p>Eucomis, j\u2019aurai toute ma vie dans le c\u0153ur<br \/>\nUne fl\u00e8che perc\u00e9e, pour vous bien enfonc\u00e9e<br \/>\nDans ce tabernacle o\u00f9 nul ne peut retirer<br \/>\nL\u2019Amour quand il y a \u00e9tabli sa demeure.<\/p>\n","protected":false},"excerpt":{"rendered":"<p>Eucomis, j\u2019aurai toute ma vie dans le c\u0153ur Une fl\u00e8che perc\u00e9e, pour vous bien enfonc\u00e9e Dans ce tabernacle o\u00f9 nul ne peut retirer L\u2019Amour quand il y a \u00e9tabli sa demeure.<\/p>\n<p class=\"more-link-p\"><a class=\"more-link\" href=\"http:\/\/laplumedeloiseaulyre.com\/?page_id=7023\">Read more &rarr;<\/a><\/p>\n","protected":false},"author":1,"featured_media":0,"parent":0,"menu_order":0,"comment_status":"closed","ping_status":"closed","template":"","meta":{"spay_email":""},"jetpack_shortlink":"https:\/\/wp.me\/P4lzfC-1Ph","_links":{"self":[{"href":"http:\/\/laplumedeloiseaulyre.com\/index.php?rest_route=\/wp\/v2\/pages\/7023"}],"collection":[{"href":"http:\/\/laplumedeloiseaulyre.com\/index.php?rest_route=\/wp\/v2\/pages"}],"about":[{"href":"http:\/\/laplumedeloiseaulyre.com\/index.php?rest_route=\/wp\/v2\/types\/page"}],"author":[{"embeddable":true,"href":"http:\/\/laplumedeloiseaulyre.com\/index.php?rest_route=\/wp\/v2\/users\/1"}],"replies":[{"embeddable":true,"href":"http:\/\/laplumedeloiseaulyre.com\/index.php?rest_route=%2Fwp%2Fv2%2Fcomments&post=7023"}],"version-history":[{"count":1,"href":"http:\/\/laplumedeloiseaulyre.com\/index.php?rest_route=\/wp\/v2\/pages\/7023\/revisions"}],"predecessor-version":[{"id":7024,"href":"http:\/\/laplumedeloiseaulyre.com\/index.php?rest_route=\/wp\/v2\/pages\/7023\/revisions\/7024"}],"wp:attachment":[{"href":"http:\/\/laplumedeloiseaulyre.com\/index.php?rest_route=%2Fwp%2Fv2%2Fmedia&parent=7023"}],"curies":[{"name":"wp","href":"https:\/\/api.w.org\/{rel}","templated":true}]}}