{"id":7016,"date":"2018-03-01T15:55:40","date_gmt":"2018-03-01T15:55:40","guid":{"rendered":"http:\/\/laplumedeloiseaulyre.com\/?page_id=7016"},"modified":"2018-03-01T15:55:40","modified_gmt":"2018-03-01T15:55:40","slug":"liseron-convolvulus-arvensis","status":"publish","type":"page","link":"http:\/\/laplumedeloiseaulyre.com\/?page_id=7016","title":{"rendered":"LISERON Convolvulus arvensis"},"content":{"rendered":"<p>Laissez-moi l\u00e0 boire les derniers Liserons<br \/>\nEnla\u00e7ant le grillage avec telle ferveur,<br \/>\n\u00c9treignant les noctuelles comme tuteurs,<br \/>\nComme pluie coule sur un marbre d&rsquo;horizon.<\/p>\n","protected":false},"excerpt":{"rendered":"<p>Laissez-moi l\u00e0 boire les derniers Liserons Enla\u00e7ant le grillage avec telle ferveur, \u00c9treignant les noctuelles comme tuteurs, Comme pluie coule sur un marbre d&rsquo;horizon.<\/p>\n<p class=\"more-link-p\"><a class=\"more-link\" href=\"http:\/\/laplumedeloiseaulyre.com\/?page_id=7016\">Read more &rarr;<\/a><\/p>\n","protected":false},"author":1,"featured_media":0,"parent":0,"menu_order":0,"comment_status":"closed","ping_status":"closed","template":"","meta":{"spay_email":""},"jetpack_shortlink":"https:\/\/wp.me\/P4lzfC-1Pa","_links":{"self":[{"href":"http:\/\/laplumedeloiseaulyre.com\/index.php?rest_route=\/wp\/v2\/pages\/7016"}],"collection":[{"href":"http:\/\/laplumedeloiseaulyre.com\/index.php?rest_route=\/wp\/v2\/pages"}],"about":[{"href":"http:\/\/laplumedeloiseaulyre.com\/index.php?rest_route=\/wp\/v2\/types\/page"}],"author":[{"embeddable":true,"href":"http:\/\/laplumedeloiseaulyre.com\/index.php?rest_route=\/wp\/v2\/users\/1"}],"replies":[{"embeddable":true,"href":"http:\/\/laplumedeloiseaulyre.com\/index.php?rest_route=%2Fwp%2Fv2%2Fcomments&post=7016"}],"version-history":[{"count":1,"href":"http:\/\/laplumedeloiseaulyre.com\/index.php?rest_route=\/wp\/v2\/pages\/7016\/revisions"}],"predecessor-version":[{"id":7017,"href":"http:\/\/laplumedeloiseaulyre.com\/index.php?rest_route=\/wp\/v2\/pages\/7016\/revisions\/7017"}],"wp:attachment":[{"href":"http:\/\/laplumedeloiseaulyre.com\/index.php?rest_route=%2Fwp%2Fv2%2Fmedia&parent=7016"}],"curies":[{"name":"wp","href":"https:\/\/api.w.org\/{rel}","templated":true}]}}