{"id":7010,"date":"2018-03-01T15:53:29","date_gmt":"2018-03-01T15:53:29","guid":{"rendered":"http:\/\/laplumedeloiseaulyre.com\/?page_id=7010"},"modified":"2021-04-30T23:40:04","modified_gmt":"2021-04-30T23:40:04","slug":"lilas-syringa-vulgaris","status":"publish","type":"page","link":"http:\/\/laplumedeloiseaulyre.com\/?page_id=7010","title":{"rendered":"LILAS Syringa vulgaris"},"content":{"rendered":"<p>Lilas blancs apportez-lui mon message<br \/>\nLilas roses donnez-lui ma beaut\u00e9<br \/>\nLilas bleus dites-lui que suis sage<br \/>\nLilas bruns \u00eates-vous d\u00e9j\u00e0 fan\u00e9s ?<\/p>\n","protected":false},"excerpt":{"rendered":"<p>Lilas blancs apportez-lui mon message Lilas roses donnez-lui ma beaut\u00e9 Lilas bleus dites-lui que suis sage Lilas bruns \u00eates-vous d\u00e9j\u00e0 fan\u00e9s ?<\/p>\n<p class=\"more-link-p\"><a class=\"more-link\" href=\"http:\/\/laplumedeloiseaulyre.com\/?page_id=7010\">Read more &rarr;<\/a><\/p>\n","protected":false},"author":1,"featured_media":0,"parent":0,"menu_order":0,"comment_status":"closed","ping_status":"closed","template":"","meta":{"spay_email":""},"jetpack_shortlink":"https:\/\/wp.me\/P4lzfC-1P4","_links":{"self":[{"href":"http:\/\/laplumedeloiseaulyre.com\/index.php?rest_route=\/wp\/v2\/pages\/7010"}],"collection":[{"href":"http:\/\/laplumedeloiseaulyre.com\/index.php?rest_route=\/wp\/v2\/pages"}],"about":[{"href":"http:\/\/laplumedeloiseaulyre.com\/index.php?rest_route=\/wp\/v2\/types\/page"}],"author":[{"embeddable":true,"href":"http:\/\/laplumedeloiseaulyre.com\/index.php?rest_route=\/wp\/v2\/users\/1"}],"replies":[{"embeddable":true,"href":"http:\/\/laplumedeloiseaulyre.com\/index.php?rest_route=%2Fwp%2Fv2%2Fcomments&post=7010"}],"version-history":[{"count":2,"href":"http:\/\/laplumedeloiseaulyre.com\/index.php?rest_route=\/wp\/v2\/pages\/7010\/revisions"}],"predecessor-version":[{"id":12089,"href":"http:\/\/laplumedeloiseaulyre.com\/index.php?rest_route=\/wp\/v2\/pages\/7010\/revisions\/12089"}],"wp:attachment":[{"href":"http:\/\/laplumedeloiseaulyre.com\/index.php?rest_route=%2Fwp%2Fv2%2Fmedia&parent=7010"}],"curies":[{"name":"wp","href":"https:\/\/api.w.org\/{rel}","templated":true}]}}