{"id":7008,"date":"2018-03-01T15:51:46","date_gmt":"2018-03-01T15:51:46","guid":{"rendered":"http:\/\/laplumedeloiseaulyre.com\/?page_id=7008"},"modified":"2021-04-30T23:47:05","modified_gmt":"2021-04-30T23:47:05","slug":"ligulaire-ligularia-sibirica","status":"publish","type":"page","link":"http:\/\/laplumedeloiseaulyre.com\/?page_id=7008","title":{"rendered":"LIGULAIRE  Ligularia sibirica"},"content":{"rendered":"<p>Fleur vive des tourbi\u00e8res tr\u00e8s anciennes,<br \/>\nPour t&#8217;embrasser l&rsquo;abeille capitule<br \/>\nEn te butinant d&rsquo;un pas funambule,<br \/>\n\u00d4 rare Ligulaire sib\u00e9rienne\u00a0!<\/p>\n","protected":false},"excerpt":{"rendered":"<p>Fleur vive des tourbi\u00e8res tr\u00e8s anciennes, Pour t&#8217;embrasser l&rsquo;abeille capitule En te butinant d&rsquo;un pas funambule, \u00d4 rare Ligulaire sib\u00e9rienne\u00a0!<\/p>\n<p class=\"more-link-p\"><a class=\"more-link\" href=\"http:\/\/laplumedeloiseaulyre.com\/?page_id=7008\">Read more &rarr;<\/a><\/p>\n","protected":false},"author":1,"featured_media":0,"parent":0,"menu_order":0,"comment_status":"closed","ping_status":"closed","template":"","meta":{"spay_email":""},"jetpack_shortlink":"https:\/\/wp.me\/P4lzfC-1P2","_links":{"self":[{"href":"http:\/\/laplumedeloiseaulyre.com\/index.php?rest_route=\/wp\/v2\/pages\/7008"}],"collection":[{"href":"http:\/\/laplumedeloiseaulyre.com\/index.php?rest_route=\/wp\/v2\/pages"}],"about":[{"href":"http:\/\/laplumedeloiseaulyre.com\/index.php?rest_route=\/wp\/v2\/types\/page"}],"author":[{"embeddable":true,"href":"http:\/\/laplumedeloiseaulyre.com\/index.php?rest_route=\/wp\/v2\/users\/1"}],"replies":[{"embeddable":true,"href":"http:\/\/laplumedeloiseaulyre.com\/index.php?rest_route=%2Fwp%2Fv2%2Fcomments&post=7008"}],"version-history":[{"count":3,"href":"http:\/\/laplumedeloiseaulyre.com\/index.php?rest_route=\/wp\/v2\/pages\/7008\/revisions"}],"predecessor-version":[{"id":12091,"href":"http:\/\/laplumedeloiseaulyre.com\/index.php?rest_route=\/wp\/v2\/pages\/7008\/revisions\/12091"}],"wp:attachment":[{"href":"http:\/\/laplumedeloiseaulyre.com\/index.php?rest_route=%2Fwp%2Fv2%2Fmedia&parent=7008"}],"curies":[{"name":"wp","href":"https:\/\/api.w.org\/{rel}","templated":true}]}}