{"id":7002,"date":"2018-03-01T15:49:30","date_gmt":"2018-03-01T15:49:30","guid":{"rendered":"http:\/\/laplumedeloiseaulyre.com\/?page_id=7002"},"modified":"2021-04-30T23:27:37","modified_gmt":"2021-04-30T23:27:37","slug":"liatride-liatris-spicata","status":"publish","type":"page","link":"http:\/\/laplumedeloiseaulyre.com\/?page_id=7002","title":{"rendered":"LIATRIDE  Liatris spicata"},"content":{"rendered":"<p>Plume du Kansas en frac de carnaval,<br \/>\nLe Liatride d\u00e9daigne les pluviom\u00e8tres,<br \/>\nIl bombe son torse aux touffes d\u00e9cimales<br \/>\nEn haut de ses \u00e9chasses servant de m\u00e8tre.<\/p>\n","protected":false},"excerpt":{"rendered":"<p>Plume du Kansas en frac de carnaval, Le Liatride d\u00e9daigne les pluviom\u00e8tres, Il bombe son torse aux touffes d\u00e9cimales En haut de ses \u00e9chasses servant de m\u00e8tre.<\/p>\n<p class=\"more-link-p\"><a class=\"more-link\" href=\"http:\/\/laplumedeloiseaulyre.com\/?page_id=7002\">Read more &rarr;<\/a><\/p>\n","protected":false},"author":1,"featured_media":0,"parent":0,"menu_order":0,"comment_status":"closed","ping_status":"closed","template":"","meta":{"spay_email":""},"jetpack_shortlink":"https:\/\/wp.me\/P4lzfC-1OW","_links":{"self":[{"href":"http:\/\/laplumedeloiseaulyre.com\/index.php?rest_route=\/wp\/v2\/pages\/7002"}],"collection":[{"href":"http:\/\/laplumedeloiseaulyre.com\/index.php?rest_route=\/wp\/v2\/pages"}],"about":[{"href":"http:\/\/laplumedeloiseaulyre.com\/index.php?rest_route=\/wp\/v2\/types\/page"}],"author":[{"embeddable":true,"href":"http:\/\/laplumedeloiseaulyre.com\/index.php?rest_route=\/wp\/v2\/users\/1"}],"replies":[{"embeddable":true,"href":"http:\/\/laplumedeloiseaulyre.com\/index.php?rest_route=%2Fwp%2Fv2%2Fcomments&post=7002"}],"version-history":[{"count":2,"href":"http:\/\/laplumedeloiseaulyre.com\/index.php?rest_route=\/wp\/v2\/pages\/7002\/revisions"}],"predecessor-version":[{"id":12087,"href":"http:\/\/laplumedeloiseaulyre.com\/index.php?rest_route=\/wp\/v2\/pages\/7002\/revisions\/12087"}],"wp:attachment":[{"href":"http:\/\/laplumedeloiseaulyre.com\/index.php?rest_route=%2Fwp%2Fv2%2Fmedia&parent=7002"}],"curies":[{"name":"wp","href":"https:\/\/api.w.org\/{rel}","templated":true}]}}