{"id":7000,"date":"2018-03-01T15:48:43","date_gmt":"2018-03-01T15:48:43","guid":{"rendered":"http:\/\/laplumedeloiseaulyre.com\/?page_id=7000"},"modified":"2022-01-30T23:15:09","modified_gmt":"2022-01-30T23:15:09","slug":"lentisque-pistacia-lentiscus","status":"publish","type":"page","link":"http:\/\/laplumedeloiseaulyre.com\/?page_id=7000","title":{"rendered":"LENTISQUE Pistacia lentiscus"},"content":{"rendered":"<p>Aie piti\u00e9 de nous, aie piti\u00e9 de toi<br \/>\nSois bonne et change cette injuste loi<br \/>\nReste ici sous le Lentisque secret<br \/>\nQui r\u00e9p\u00e8te pour nous : \u00ab Je maintiendrai ! \u00bb<\/p>\n","protected":false},"excerpt":{"rendered":"<p>Aie piti\u00e9 de nous, aie piti\u00e9 de toi Sois bonne et change cette injuste loi Reste ici sous le Lentisque secret Qui r\u00e9p\u00e8te pour nous : \u00ab Je maintiendrai ! \u00bb<\/p>\n<p class=\"more-link-p\"><a class=\"more-link\" href=\"http:\/\/laplumedeloiseaulyre.com\/?page_id=7000\">Read more &rarr;<\/a><\/p>\n","protected":false},"author":1,"featured_media":0,"parent":0,"menu_order":0,"comment_status":"closed","ping_status":"closed","template":"","meta":{"spay_email":""},"jetpack_shortlink":"https:\/\/wp.me\/P4lzfC-1OU","_links":{"self":[{"href":"http:\/\/laplumedeloiseaulyre.com\/index.php?rest_route=\/wp\/v2\/pages\/7000"}],"collection":[{"href":"http:\/\/laplumedeloiseaulyre.com\/index.php?rest_route=\/wp\/v2\/pages"}],"about":[{"href":"http:\/\/laplumedeloiseaulyre.com\/index.php?rest_route=\/wp\/v2\/types\/page"}],"author":[{"embeddable":true,"href":"http:\/\/laplumedeloiseaulyre.com\/index.php?rest_route=\/wp\/v2\/users\/1"}],"replies":[{"embeddable":true,"href":"http:\/\/laplumedeloiseaulyre.com\/index.php?rest_route=%2Fwp%2Fv2%2Fcomments&post=7000"}],"version-history":[{"count":2,"href":"http:\/\/laplumedeloiseaulyre.com\/index.php?rest_route=\/wp\/v2\/pages\/7000\/revisions"}],"predecessor-version":[{"id":13508,"href":"http:\/\/laplumedeloiseaulyre.com\/index.php?rest_route=\/wp\/v2\/pages\/7000\/revisions\/13508"}],"wp:attachment":[{"href":"http:\/\/laplumedeloiseaulyre.com\/index.php?rest_route=%2Fwp%2Fv2%2Fmedia&parent=7000"}],"curies":[{"name":"wp","href":"https:\/\/api.w.org\/{rel}","templated":true}]}}