{"id":6998,"date":"2018-03-01T15:47:51","date_gmt":"2018-03-01T15:47:51","guid":{"rendered":"http:\/\/laplumedeloiseaulyre.com\/?page_id=6998"},"modified":"2021-06-27T15:56:50","modified_gmt":"2021-06-27T15:56:50","slug":"lentille-lens-culinaris","status":"publish","type":"page","link":"http:\/\/laplumedeloiseaulyre.com\/?page_id=6998","title":{"rendered":"LENTILLE Vicia lens sub.lens"},"content":{"rendered":"<p>Pour une \u00e9cuelle de fer et de lentilles<br \/>\nEsa\u00fc vendit \u00e0 Jacob son droit d&rsquo;a\u00eenesse.<br \/>\nPour une minute de faim et par paresse<br \/>\nD&rsquo;un peuple la destin\u00e9e changea de flottille.<\/p>\n","protected":false},"excerpt":{"rendered":"<p>Pour une \u00e9cuelle de fer et de lentilles Esa\u00fc vendit \u00e0 Jacob son droit d&rsquo;a\u00eenesse. Pour une minute de faim et par paresse D&rsquo;un peuple la destin\u00e9e changea de flottille.<\/p>\n<p class=\"more-link-p\"><a class=\"more-link\" href=\"http:\/\/laplumedeloiseaulyre.com\/?page_id=6998\">Read more &rarr;<\/a><\/p>\n","protected":false},"author":1,"featured_media":0,"parent":0,"menu_order":0,"comment_status":"closed","ping_status":"closed","template":"","meta":{"spay_email":""},"jetpack_shortlink":"https:\/\/wp.me\/P4lzfC-1OS","_links":{"self":[{"href":"http:\/\/laplumedeloiseaulyre.com\/index.php?rest_route=\/wp\/v2\/pages\/6998"}],"collection":[{"href":"http:\/\/laplumedeloiseaulyre.com\/index.php?rest_route=\/wp\/v2\/pages"}],"about":[{"href":"http:\/\/laplumedeloiseaulyre.com\/index.php?rest_route=\/wp\/v2\/types\/page"}],"author":[{"embeddable":true,"href":"http:\/\/laplumedeloiseaulyre.com\/index.php?rest_route=\/wp\/v2\/users\/1"}],"replies":[{"embeddable":true,"href":"http:\/\/laplumedeloiseaulyre.com\/index.php?rest_route=%2Fwp%2Fv2%2Fcomments&post=6998"}],"version-history":[{"count":2,"href":"http:\/\/laplumedeloiseaulyre.com\/index.php?rest_route=\/wp\/v2\/pages\/6998\/revisions"}],"predecessor-version":[{"id":12428,"href":"http:\/\/laplumedeloiseaulyre.com\/index.php?rest_route=\/wp\/v2\/pages\/6998\/revisions\/12428"}],"wp:attachment":[{"href":"http:\/\/laplumedeloiseaulyre.com\/index.php?rest_route=%2Fwp%2Fv2%2Fmedia&parent=6998"}],"curies":[{"name":"wp","href":"https:\/\/api.w.org\/{rel}","templated":true}]}}