{"id":6994,"date":"2018-03-01T15:46:08","date_gmt":"2018-03-01T15:46:08","guid":{"rendered":"http:\/\/laplumedeloiseaulyre.com\/?page_id=6994"},"modified":"2021-06-27T15:14:44","modified_gmt":"2021-06-27T15:14:44","slug":"lavande-lavanda-angustifolia","status":"publish","type":"page","link":"http:\/\/laplumedeloiseaulyre.com\/?page_id=6994","title":{"rendered":"LAVANDE Lavandula angustifolia"},"content":{"rendered":"<p>Berc\u00e9e de sagesse dort la Lavande<br \/>\nAim\u00e9e par un mistral aux mains de sable,<br \/>\nChut ! Voyez comme leur lit est aimable<br \/>\nDans le lavoir bleui de M\u00e9lisande.<\/p>\n","protected":false},"excerpt":{"rendered":"<p>Berc\u00e9e de sagesse dort la Lavande Aim\u00e9e par un mistral aux mains de sable, Chut ! Voyez comme leur lit est aimable Dans le lavoir bleui de M\u00e9lisande.<\/p>\n<p class=\"more-link-p\"><a class=\"more-link\" href=\"http:\/\/laplumedeloiseaulyre.com\/?page_id=6994\">Read more &rarr;<\/a><\/p>\n","protected":false},"author":1,"featured_media":0,"parent":0,"menu_order":0,"comment_status":"closed","ping_status":"closed","template":"","meta":{"spay_email":""},"jetpack_shortlink":"https:\/\/wp.me\/P4lzfC-1OO","_links":{"self":[{"href":"http:\/\/laplumedeloiseaulyre.com\/index.php?rest_route=\/wp\/v2\/pages\/6994"}],"collection":[{"href":"http:\/\/laplumedeloiseaulyre.com\/index.php?rest_route=\/wp\/v2\/pages"}],"about":[{"href":"http:\/\/laplumedeloiseaulyre.com\/index.php?rest_route=\/wp\/v2\/types\/page"}],"author":[{"embeddable":true,"href":"http:\/\/laplumedeloiseaulyre.com\/index.php?rest_route=\/wp\/v2\/users\/1"}],"replies":[{"embeddable":true,"href":"http:\/\/laplumedeloiseaulyre.com\/index.php?rest_route=%2Fwp%2Fv2%2Fcomments&post=6994"}],"version-history":[{"count":2,"href":"http:\/\/laplumedeloiseaulyre.com\/index.php?rest_route=\/wp\/v2\/pages\/6994\/revisions"}],"predecessor-version":[{"id":12421,"href":"http:\/\/laplumedeloiseaulyre.com\/index.php?rest_route=\/wp\/v2\/pages\/6994\/revisions\/12421"}],"wp:attachment":[{"href":"http:\/\/laplumedeloiseaulyre.com\/index.php?rest_route=%2Fwp%2Fv2%2Fmedia&parent=6994"}],"curies":[{"name":"wp","href":"https:\/\/api.w.org\/{rel}","templated":true}]}}