{"id":6992,"date":"2018-03-01T15:45:15","date_gmt":"2018-03-01T15:45:15","guid":{"rendered":"http:\/\/laplumedeloiseaulyre.com\/?page_id=6992"},"modified":"2018-03-01T15:45:15","modified_gmt":"2018-03-01T15:45:15","slug":"laurier-rose-nerium-oleander","status":"publish","type":"page","link":"http:\/\/laplumedeloiseaulyre.com\/?page_id=6992","title":{"rendered":"LAURIER ROSE Nerium oleander"},"content":{"rendered":"<p>C&rsquo;est \u00e0 genoux que l&rsquo;on te prie, Laurier<br \/>\nRose des fronts aux gloires \u00e9vinc\u00e9es,<br \/>\nFeuillage rutilant du pouvoir mort<br \/>\nCouronne d\u00e9funte qui jette un sort.<\/p>\n","protected":false},"excerpt":{"rendered":"<p>C&rsquo;est \u00e0 genoux que l&rsquo;on te prie, Laurier Rose des fronts aux gloires \u00e9vinc\u00e9es, Feuillage rutilant du pouvoir mort Couronne d\u00e9funte qui jette un sort.<\/p>\n<p class=\"more-link-p\"><a class=\"more-link\" href=\"http:\/\/laplumedeloiseaulyre.com\/?page_id=6992\">Read more &rarr;<\/a><\/p>\n","protected":false},"author":1,"featured_media":0,"parent":0,"menu_order":0,"comment_status":"closed","ping_status":"closed","template":"","meta":{"spay_email":""},"jetpack_shortlink":"https:\/\/wp.me\/P4lzfC-1OM","_links":{"self":[{"href":"http:\/\/laplumedeloiseaulyre.com\/index.php?rest_route=\/wp\/v2\/pages\/6992"}],"collection":[{"href":"http:\/\/laplumedeloiseaulyre.com\/index.php?rest_route=\/wp\/v2\/pages"}],"about":[{"href":"http:\/\/laplumedeloiseaulyre.com\/index.php?rest_route=\/wp\/v2\/types\/page"}],"author":[{"embeddable":true,"href":"http:\/\/laplumedeloiseaulyre.com\/index.php?rest_route=\/wp\/v2\/users\/1"}],"replies":[{"embeddable":true,"href":"http:\/\/laplumedeloiseaulyre.com\/index.php?rest_route=%2Fwp%2Fv2%2Fcomments&post=6992"}],"version-history":[{"count":1,"href":"http:\/\/laplumedeloiseaulyre.com\/index.php?rest_route=\/wp\/v2\/pages\/6992\/revisions"}],"predecessor-version":[{"id":6993,"href":"http:\/\/laplumedeloiseaulyre.com\/index.php?rest_route=\/wp\/v2\/pages\/6992\/revisions\/6993"}],"wp:attachment":[{"href":"http:\/\/laplumedeloiseaulyre.com\/index.php?rest_route=%2Fwp%2Fv2%2Fmedia&parent=6992"}],"curies":[{"name":"wp","href":"https:\/\/api.w.org\/{rel}","templated":true}]}}