{"id":6975,"date":"2018-03-01T15:33:42","date_gmt":"2018-03-01T15:33:42","guid":{"rendered":"http:\/\/laplumedeloiseaulyre.com\/?page_id=6975"},"modified":"2018-03-01T15:33:42","modified_gmt":"2018-03-01T15:33:42","slug":"laiteron-sonchus-arvensis","status":"publish","type":"page","link":"http:\/\/laplumedeloiseaulyre.com\/?page_id=6975","title":{"rendered":"LAITERON  Sonchus arvensis  \u00a0"},"content":{"rendered":"<p>Laiteron, faux artiste grommelant,<br \/>\nC\u0153ur dess\u00e9ch\u00e9 qui se croit important,<br \/>\nHerbe est trop mauvaise en ta compagnie,<br \/>\nElle s&rsquo;en va, s&rsquo;envole et puis s&rsquo;enfuit !<\/p>\n","protected":false},"excerpt":{"rendered":"<p>Laiteron, faux artiste grommelant, C\u0153ur dess\u00e9ch\u00e9 qui se croit important, Herbe est trop mauvaise en ta compagnie, Elle s&rsquo;en va, s&rsquo;envole et puis s&rsquo;enfuit !<\/p>\n<p class=\"more-link-p\"><a class=\"more-link\" href=\"http:\/\/laplumedeloiseaulyre.com\/?page_id=6975\">Read more &rarr;<\/a><\/p>\n","protected":false},"author":1,"featured_media":0,"parent":0,"menu_order":0,"comment_status":"closed","ping_status":"closed","template":"","meta":{"spay_email":""},"jetpack_shortlink":"https:\/\/wp.me\/P4lzfC-1Ov","_links":{"self":[{"href":"http:\/\/laplumedeloiseaulyre.com\/index.php?rest_route=\/wp\/v2\/pages\/6975"}],"collection":[{"href":"http:\/\/laplumedeloiseaulyre.com\/index.php?rest_route=\/wp\/v2\/pages"}],"about":[{"href":"http:\/\/laplumedeloiseaulyre.com\/index.php?rest_route=\/wp\/v2\/types\/page"}],"author":[{"embeddable":true,"href":"http:\/\/laplumedeloiseaulyre.com\/index.php?rest_route=\/wp\/v2\/users\/1"}],"replies":[{"embeddable":true,"href":"http:\/\/laplumedeloiseaulyre.com\/index.php?rest_route=%2Fwp%2Fv2%2Fcomments&post=6975"}],"version-history":[{"count":1,"href":"http:\/\/laplumedeloiseaulyre.com\/index.php?rest_route=\/wp\/v2\/pages\/6975\/revisions"}],"predecessor-version":[{"id":6976,"href":"http:\/\/laplumedeloiseaulyre.com\/index.php?rest_route=\/wp\/v2\/pages\/6975\/revisions\/6976"}],"wp:attachment":[{"href":"http:\/\/laplumedeloiseaulyre.com\/index.php?rest_route=%2Fwp%2Fv2%2Fmedia&parent=6975"}],"curies":[{"name":"wp","href":"https:\/\/api.w.org\/{rel}","templated":true}]}}