{"id":6972,"date":"2018-03-01T15:32:14","date_gmt":"2018-03-01T15:32:14","guid":{"rendered":"http:\/\/laplumedeloiseaulyre.com\/?page_id=6972"},"modified":"2022-02-25T00:56:24","modified_gmt":"2022-02-25T00:56:24","slug":"lacrima-jobi-coix-lacryma-jobi","status":"publish","type":"page","link":"http:\/\/laplumedeloiseaulyre.com\/?page_id=6972","title":{"rendered":"LACRIMA-JOBI  Coix lacryma-jobi"},"content":{"rendered":"<p>Adonc ne sais \u00e0 quel amour vouer<br \/>\nMes soupirs si dolents et si craintifs,<br \/>\nV\u00e9g\u00e9taux plaisants m&rsquo;ont abandonn\u00e9<br \/>\nFors <em>Lacrima-jobi<\/em>, seigneur pensif.<\/p>\n","protected":false},"excerpt":{"rendered":"<p>Adonc ne sais \u00e0 quel amour vouer Mes soupirs si dolents et si craintifs, V\u00e9g\u00e9taux plaisants m&rsquo;ont abandonn\u00e9 Fors Lacrima-jobi, seigneur pensif.<\/p>\n<p class=\"more-link-p\"><a class=\"more-link\" href=\"http:\/\/laplumedeloiseaulyre.com\/?page_id=6972\">Read more &rarr;<\/a><\/p>\n","protected":false},"author":1,"featured_media":0,"parent":0,"menu_order":0,"comment_status":"closed","ping_status":"closed","template":"","meta":{"spay_email":""},"jetpack_shortlink":"https:\/\/wp.me\/P4lzfC-1Os","_links":{"self":[{"href":"http:\/\/laplumedeloiseaulyre.com\/index.php?rest_route=\/wp\/v2\/pages\/6972"}],"collection":[{"href":"http:\/\/laplumedeloiseaulyre.com\/index.php?rest_route=\/wp\/v2\/pages"}],"about":[{"href":"http:\/\/laplumedeloiseaulyre.com\/index.php?rest_route=\/wp\/v2\/types\/page"}],"author":[{"embeddable":true,"href":"http:\/\/laplumedeloiseaulyre.com\/index.php?rest_route=\/wp\/v2\/users\/1"}],"replies":[{"embeddable":true,"href":"http:\/\/laplumedeloiseaulyre.com\/index.php?rest_route=%2Fwp%2Fv2%2Fcomments&post=6972"}],"version-history":[{"count":2,"href":"http:\/\/laplumedeloiseaulyre.com\/index.php?rest_route=\/wp\/v2\/pages\/6972\/revisions"}],"predecessor-version":[{"id":13683,"href":"http:\/\/laplumedeloiseaulyre.com\/index.php?rest_route=\/wp\/v2\/pages\/6972\/revisions\/13683"}],"wp:attachment":[{"href":"http:\/\/laplumedeloiseaulyre.com\/index.php?rest_route=%2Fwp%2Fv2%2Fmedia&parent=6972"}],"curies":[{"name":"wp","href":"https:\/\/api.w.org\/{rel}","templated":true}]}}