{"id":6969,"date":"2018-02-28T21:47:50","date_gmt":"2018-02-28T21:47:50","guid":{"rendered":"http:\/\/laplumedeloiseaulyre.com\/?page_id=6969"},"modified":"2021-06-27T15:09:51","modified_gmt":"2021-06-27T15:09:51","slug":"kumquat-fortunella-margarita","status":"publish","type":"page","link":"http:\/\/laplumedeloiseaulyre.com\/?page_id=6969","title":{"rendered":"KUMQUAT Citrus japonica"},"content":{"rendered":"<p>Beau colibri sur ma tasse de th\u00e9,<br \/>\nQuel Chinois vous peignit dans quel \u00e9tat ?<br \/>\nIl devait se r\u00e9galer de Kumquats<br \/>\nCet artiste qui sembla d\u00e9raper !<\/p>\n","protected":false},"excerpt":{"rendered":"<p>Beau colibri sur ma tasse de th\u00e9, Quel Chinois vous peignit dans quel \u00e9tat ? Il devait se r\u00e9galer de Kumquats Cet artiste qui sembla d\u00e9raper !<\/p>\n<p class=\"more-link-p\"><a class=\"more-link\" href=\"http:\/\/laplumedeloiseaulyre.com\/?page_id=6969\">Read more &rarr;<\/a><\/p>\n","protected":false},"author":1,"featured_media":0,"parent":0,"menu_order":0,"comment_status":"closed","ping_status":"closed","template":"","meta":{"spay_email":""},"jetpack_shortlink":"https:\/\/wp.me\/P4lzfC-1Op","_links":{"self":[{"href":"http:\/\/laplumedeloiseaulyre.com\/index.php?rest_route=\/wp\/v2\/pages\/6969"}],"collection":[{"href":"http:\/\/laplumedeloiseaulyre.com\/index.php?rest_route=\/wp\/v2\/pages"}],"about":[{"href":"http:\/\/laplumedeloiseaulyre.com\/index.php?rest_route=\/wp\/v2\/types\/page"}],"author":[{"embeddable":true,"href":"http:\/\/laplumedeloiseaulyre.com\/index.php?rest_route=\/wp\/v2\/users\/1"}],"replies":[{"embeddable":true,"href":"http:\/\/laplumedeloiseaulyre.com\/index.php?rest_route=%2Fwp%2Fv2%2Fcomments&post=6969"}],"version-history":[{"count":2,"href":"http:\/\/laplumedeloiseaulyre.com\/index.php?rest_route=\/wp\/v2\/pages\/6969\/revisions"}],"predecessor-version":[{"id":12419,"href":"http:\/\/laplumedeloiseaulyre.com\/index.php?rest_route=\/wp\/v2\/pages\/6969\/revisions\/12419"}],"wp:attachment":[{"href":"http:\/\/laplumedeloiseaulyre.com\/index.php?rest_route=%2Fwp%2Fv2%2Fmedia&parent=6969"}],"curies":[{"name":"wp","href":"https:\/\/api.w.org\/{rel}","templated":true}]}}