{"id":6967,"date":"2018-02-28T21:46:46","date_gmt":"2018-02-28T21:46:46","guid":{"rendered":"http:\/\/laplumedeloiseaulyre.com\/?page_id=6967"},"modified":"2021-04-30T23:10:09","modified_gmt":"2021-04-30T23:10:09","slug":"kniphofia-kniphofia-uvaria","status":"publish","type":"page","link":"http:\/\/laplumedeloiseaulyre.com\/?page_id=6967","title":{"rendered":"KNIPHOFIA Kniphofia uvaria"},"content":{"rendered":"<p>Ah ! Seigneur des jardins qu&rsquo;avez-vous fabriqu\u00e9<br \/>\nEn coiffant son chef d\u2019une perruque sans go\u00fbt ?<br \/>\nVoyez le cin\u00e9ma du Kniphofia grim\u00e9<br \/>\nQui transporte le tison de la nef des fous !<\/p>\n","protected":false},"excerpt":{"rendered":"<p>Ah ! Seigneur des jardins qu&rsquo;avez-vous fabriqu\u00e9 En coiffant son chef d\u2019une perruque sans go\u00fbt ? Voyez le cin\u00e9ma du Kniphofia grim\u00e9 Qui transporte le tison de la nef des fous !<\/p>\n<p class=\"more-link-p\"><a class=\"more-link\" href=\"http:\/\/laplumedeloiseaulyre.com\/?page_id=6967\">Read more &rarr;<\/a><\/p>\n","protected":false},"author":1,"featured_media":0,"parent":0,"menu_order":0,"comment_status":"closed","ping_status":"closed","template":"","meta":{"spay_email":""},"jetpack_shortlink":"https:\/\/wp.me\/P4lzfC-1On","_links":{"self":[{"href":"http:\/\/laplumedeloiseaulyre.com\/index.php?rest_route=\/wp\/v2\/pages\/6967"}],"collection":[{"href":"http:\/\/laplumedeloiseaulyre.com\/index.php?rest_route=\/wp\/v2\/pages"}],"about":[{"href":"http:\/\/laplumedeloiseaulyre.com\/index.php?rest_route=\/wp\/v2\/types\/page"}],"author":[{"embeddable":true,"href":"http:\/\/laplumedeloiseaulyre.com\/index.php?rest_route=\/wp\/v2\/users\/1"}],"replies":[{"embeddable":true,"href":"http:\/\/laplumedeloiseaulyre.com\/index.php?rest_route=%2Fwp%2Fv2%2Fcomments&post=6967"}],"version-history":[{"count":2,"href":"http:\/\/laplumedeloiseaulyre.com\/index.php?rest_route=\/wp\/v2\/pages\/6967\/revisions"}],"predecessor-version":[{"id":12083,"href":"http:\/\/laplumedeloiseaulyre.com\/index.php?rest_route=\/wp\/v2\/pages\/6967\/revisions\/12083"}],"wp:attachment":[{"href":"http:\/\/laplumedeloiseaulyre.com\/index.php?rest_route=%2Fwp%2Fv2%2Fmedia&parent=6967"}],"curies":[{"name":"wp","href":"https:\/\/api.w.org\/{rel}","templated":true}]}}