{"id":6963,"date":"2018-02-28T21:45:05","date_gmt":"2018-02-28T21:45:05","guid":{"rendered":"http:\/\/laplumedeloiseaulyre.com\/?page_id=6963"},"modified":"2018-02-28T21:45:05","modified_gmt":"2018-02-28T21:45:05","slug":"kalmie-kalmia-latifolia","status":"publish","type":"page","link":"http:\/\/laplumedeloiseaulyre.com\/?page_id=6963","title":{"rendered":"KALMIE  Kalmia latifolia"},"content":{"rendered":"<p>Kalmie, laurier toxique des montagnes<br \/>\nOccupait une terre de bruy\u00e8re,<br \/>\nElle agitait ses cr\u00e9celles de bagne,<br \/>\nFurieuse \u00e9ricac\u00e9e prisonni\u00e8re\u00a0!<\/p>\n","protected":false},"excerpt":{"rendered":"<p>Kalmie, laurier toxique des montagnes Occupait une terre de bruy\u00e8re, Elle agitait ses cr\u00e9celles de bagne, Furieuse \u00e9ricac\u00e9e prisonni\u00e8re\u00a0!<\/p>\n<p class=\"more-link-p\"><a class=\"more-link\" href=\"http:\/\/laplumedeloiseaulyre.com\/?page_id=6963\">Read more &rarr;<\/a><\/p>\n","protected":false},"author":1,"featured_media":0,"parent":0,"menu_order":0,"comment_status":"closed","ping_status":"closed","template":"","meta":{"spay_email":""},"jetpack_shortlink":"https:\/\/wp.me\/P4lzfC-1Oj","_links":{"self":[{"href":"http:\/\/laplumedeloiseaulyre.com\/index.php?rest_route=\/wp\/v2\/pages\/6963"}],"collection":[{"href":"http:\/\/laplumedeloiseaulyre.com\/index.php?rest_route=\/wp\/v2\/pages"}],"about":[{"href":"http:\/\/laplumedeloiseaulyre.com\/index.php?rest_route=\/wp\/v2\/types\/page"}],"author":[{"embeddable":true,"href":"http:\/\/laplumedeloiseaulyre.com\/index.php?rest_route=\/wp\/v2\/users\/1"}],"replies":[{"embeddable":true,"href":"http:\/\/laplumedeloiseaulyre.com\/index.php?rest_route=%2Fwp%2Fv2%2Fcomments&post=6963"}],"version-history":[{"count":1,"href":"http:\/\/laplumedeloiseaulyre.com\/index.php?rest_route=\/wp\/v2\/pages\/6963\/revisions"}],"predecessor-version":[{"id":6964,"href":"http:\/\/laplumedeloiseaulyre.com\/index.php?rest_route=\/wp\/v2\/pages\/6963\/revisions\/6964"}],"wp:attachment":[{"href":"http:\/\/laplumedeloiseaulyre.com\/index.php?rest_route=%2Fwp%2Fv2%2Fmedia&parent=6963"}],"curies":[{"name":"wp","href":"https:\/\/api.w.org\/{rel}","templated":true}]}}