{"id":6955,"date":"2018-02-28T21:41:37","date_gmt":"2018-02-28T21:41:37","guid":{"rendered":"http:\/\/laplumedeloiseaulyre.com\/?page_id=6955"},"modified":"2022-01-30T23:13:50","modified_gmt":"2022-01-30T23:13:50","slug":"jusquiame-hyoscyamus-niger","status":"publish","type":"page","link":"http:\/\/laplumedeloiseaulyre.com\/?page_id=6955","title":{"rendered":"JUSQUIAME  Hyoscyamus niger"},"content":{"rendered":"<p>\u00ab\u00a0Vous ne pourrez plus jamais oublier<br \/>\nVos d\u00e9pits\u00a0\u00bb raillaient vilaines Jusquiames<br \/>\nAu bord du puits o\u00f9 venaient gentes dames<br \/>\nQu\u00e9rir la soif d&rsquo;Amour empoisonn\u00e9e.<\/p>\n","protected":false},"excerpt":{"rendered":"<p>\u00ab\u00a0Vous ne pourrez plus jamais oublier Vos d\u00e9pits\u00a0\u00bb raillaient vilaines Jusquiames Au bord du puits o\u00f9 venaient gentes dames Qu\u00e9rir la soif d&rsquo;Amour empoisonn\u00e9e.<\/p>\n<p class=\"more-link-p\"><a class=\"more-link\" href=\"http:\/\/laplumedeloiseaulyre.com\/?page_id=6955\">Read more &rarr;<\/a><\/p>\n","protected":false},"author":1,"featured_media":0,"parent":0,"menu_order":0,"comment_status":"closed","ping_status":"closed","template":"","meta":{"spay_email":""},"jetpack_shortlink":"https:\/\/wp.me\/P4lzfC-1Ob","_links":{"self":[{"href":"http:\/\/laplumedeloiseaulyre.com\/index.php?rest_route=\/wp\/v2\/pages\/6955"}],"collection":[{"href":"http:\/\/laplumedeloiseaulyre.com\/index.php?rest_route=\/wp\/v2\/pages"}],"about":[{"href":"http:\/\/laplumedeloiseaulyre.com\/index.php?rest_route=\/wp\/v2\/types\/page"}],"author":[{"embeddable":true,"href":"http:\/\/laplumedeloiseaulyre.com\/index.php?rest_route=\/wp\/v2\/users\/1"}],"replies":[{"embeddable":true,"href":"http:\/\/laplumedeloiseaulyre.com\/index.php?rest_route=%2Fwp%2Fv2%2Fcomments&post=6955"}],"version-history":[{"count":2,"href":"http:\/\/laplumedeloiseaulyre.com\/index.php?rest_route=\/wp\/v2\/pages\/6955\/revisions"}],"predecessor-version":[{"id":13506,"href":"http:\/\/laplumedeloiseaulyre.com\/index.php?rest_route=\/wp\/v2\/pages\/6955\/revisions\/13506"}],"wp:attachment":[{"href":"http:\/\/laplumedeloiseaulyre.com\/index.php?rest_route=%2Fwp%2Fv2%2Fmedia&parent=6955"}],"curies":[{"name":"wp","href":"https:\/\/api.w.org\/{rel}","templated":true}]}}