{"id":6946,"date":"2018-02-28T21:37:57","date_gmt":"2018-02-28T21:37:57","guid":{"rendered":"http:\/\/laplumedeloiseaulyre.com\/?page_id=6946"},"modified":"2018-02-28T21:37:57","modified_gmt":"2018-02-28T21:37:57","slug":"jonquille-narcissus-jonquilla","status":"publish","type":"page","link":"http:\/\/laplumedeloiseaulyre.com\/?page_id=6946","title":{"rendered":"JONQUILLE Narcissus jonquilla"},"content":{"rendered":"<p>La ville rose vernissait ses orteils<br \/>\nBl\u00eamissante passante en bleu Renaissance,<br \/>\nVersifiante vacanci\u00e8re en vert bouteille,<br \/>\nJonquille ing\u00e9nue tournoyante en sa danse.<\/p>\n","protected":false},"excerpt":{"rendered":"<p>La ville rose vernissait ses orteils Bl\u00eamissante passante en bleu Renaissance, Versifiante vacanci\u00e8re en vert bouteille, Jonquille ing\u00e9nue tournoyante en sa danse.<\/p>\n<p class=\"more-link-p\"><a class=\"more-link\" href=\"http:\/\/laplumedeloiseaulyre.com\/?page_id=6946\">Read more &rarr;<\/a><\/p>\n","protected":false},"author":1,"featured_media":0,"parent":0,"menu_order":0,"comment_status":"closed","ping_status":"closed","template":"","meta":{"spay_email":""},"jetpack_shortlink":"https:\/\/wp.me\/P4lzfC-1O2","_links":{"self":[{"href":"http:\/\/laplumedeloiseaulyre.com\/index.php?rest_route=\/wp\/v2\/pages\/6946"}],"collection":[{"href":"http:\/\/laplumedeloiseaulyre.com\/index.php?rest_route=\/wp\/v2\/pages"}],"about":[{"href":"http:\/\/laplumedeloiseaulyre.com\/index.php?rest_route=\/wp\/v2\/types\/page"}],"author":[{"embeddable":true,"href":"http:\/\/laplumedeloiseaulyre.com\/index.php?rest_route=\/wp\/v2\/users\/1"}],"replies":[{"embeddable":true,"href":"http:\/\/laplumedeloiseaulyre.com\/index.php?rest_route=%2Fwp%2Fv2%2Fcomments&post=6946"}],"version-history":[{"count":1,"href":"http:\/\/laplumedeloiseaulyre.com\/index.php?rest_route=\/wp\/v2\/pages\/6946\/revisions"}],"predecessor-version":[{"id":6947,"href":"http:\/\/laplumedeloiseaulyre.com\/index.php?rest_route=\/wp\/v2\/pages\/6946\/revisions\/6947"}],"wp:attachment":[{"href":"http:\/\/laplumedeloiseaulyre.com\/index.php?rest_route=%2Fwp%2Fv2%2Fmedia&parent=6946"}],"curies":[{"name":"wp","href":"https:\/\/api.w.org\/{rel}","templated":true}]}}